{"id":361,"date":"2024-10-01T22:23:37","date_gmt":"2024-10-01T22:23:37","guid":{"rendered":"https:\/\/encystyle.ro\/?page_id=361"},"modified":"2026-03-26T12:36:26","modified_gmt":"2026-03-26T10:36:26","slug":"programok","status":"publish","type":"page","link":"https:\/\/encystyle.ro\/ro\/programok\/","title":{"rendered":"Programe actuale"},"content":{"rendered":"<p>[et_pb_section fb_built=&#8221;1&#8243; _builder_version=&#8221;4.27.4&#8243; _module_preset=&#8221;default&#8221; custom_padding=&#8221;22px|||||&#8221; global_colors_info=&#8221;{}&#8221;][et_pb_row disabled_on=&#8221;on|on|on&#8221; _builder_version=&#8221;4.27.4&#8243; _module_preset=&#8221;default&#8221; disabled=&#8221;on&#8221; global_colors_info=&#8221;{}&#8221;][et_pb_column type=&#8221;4_4&#8243; _builder_version=&#8221;4.27.4&#8243; _module_preset=&#8221;default&#8221; global_colors_info=&#8221;{}&#8221;][et_pb_image src=&#8221;https:\/\/encystyle.ro\/wp-content\/uploads\/2026\/01\/Early-bird01.jpeg&#8221; title_text=&#8221;Early bird01&#8243; url=&#8221;https:\/\/encystyle.ro\/product\/erdelyi-divat-es-stilus-a-kifuton-full-pass\/&#8221; _builder_version=&#8221;4.27.4&#8243; _module_preset=&#8221;default&#8221; width=&#8221;42%&#8221; width_tablet=&#8221;65%&#8221; width_phone=&#8221;65%&#8221; width_last_edited=&#8221;on|desktop&#8221; module_alignment=&#8221;center&#8221; global_colors_info=&#8221;{}&#8221;][\/et_pb_image][\/et_pb_column][\/et_pb_row][\/et_pb_section][et_pb_section fb_built=&#8221;1&#8243; _builder_version=&#8221;4.27.0&#8243; _module_preset=&#8221;default&#8221; background_enable_pattern_style=&#8221;on&#8221; background_pattern_style=&#8221;inverted-chevrons&#8221; background_pattern_color=&#8221;rgba(0,0,0,0.02)&#8221; global_colors_info=&#8221;{}&#8221;][et_pb_row column_structure=&#8221;1_2,1_2&#8243; disabled_on=&#8221;on|on|on&#8221; _builder_version=&#8221;4.27.0&#8243; _module_preset=&#8221;default&#8221; disabled=&#8221;on&#8221; global_colors_info=&#8221;{}&#8221;][et_pb_column type=&#8221;1_2&#8243; _builder_version=&#8221;4.27.0&#8243; _module_preset=&#8221;default&#8221; global_colors_info=&#8221;{}&#8221;][et_pb_text _builder_version=&#8221;4.27.4&#8243; _module_preset=&#8221;default&#8221; text_font=&#8221;Chivo|300|||||||&#8221; text_text_color=&#8221;#727272&#8243; text_font_size=&#8221;16px&#8221; header_font=&#8221;Karla|300|||||||&#8221; header_text_color=&#8221;#E02B20&#8243; header_font_size=&#8221;47px&#8221; header_font_size_tablet=&#8221;47px&#8221; header_font_size_phone=&#8221;40px&#8221; header_font_size_last_edited=&#8221;on|phone&#8221; global_colors_info=&#8221;{}&#8221;]<\/p>\n<h1>ERD\u00c9LYI DIVAT \u00c9S ST\u00cdLUS \u00c9LM\u00c9NYNAP-<strong>Early bird<\/strong><\/h1>\n<div class=\"xdj266r x14z9mp xat24cr x1lziwak x1vvkbs\">\n<p data-start=\"290\" data-end=\"334\"><strong data-start=\"290\" data-end=\"334\">Foglalj helyet a 2026-os esem\u00e9ny\u00fcnkre!<\/strong><\/p>\n<p data-start=\"336\" data-end=\"507\">Fedezd fel az erd\u00e9lyi divat vil\u00e1g\u00e1t, \u00e9s mer\u00edts inspir\u00e1ci\u00f3t a mindennapi megjelen\u00e9sedhez ezen a k\u00fcl\u00f6nleges napon, ahol a st\u00edlus, az elegancia \u00e9s a kreativit\u00e1s tal\u00e1lkozik!<\/p>\n<p data-start=\"509\" data-end=\"698\">D\u00e9lel\u0151tt inspir\u00e1l\u00f3 workshopokon vehetsz r\u00e9szt, ahol a divatszakma tapasztalt szak\u00e9rt\u0151i seg\u00edtenek felfedezni az egy\u00e9ni st\u00edlusodat, \u00e9s megmutatj\u00e1k, hogyan alak\u00edtsd tudatosan a megjelen\u00e9sed.<\/p>\n<p data-start=\"700\" data-end=\"940\">D\u00e9lut\u00e1n k\u00f6vetkezik a nap f\u00e9nypontja: a <strong data-start=\"739\" data-end=\"766\">l\u00e1tv\u00e1nyos divatbemutat\u00f3<\/strong>, ahol az erd\u00e9lyi tervez\u0151k leg\u00fajabb kollekci\u00f3i kelnek \u00e9letre a kifut\u00f3n \u2013 modern, autentikus \u00e9s egyedi darabokkal, amelyek az erd\u00e9lyi kreativit\u00e1st \u00e9s soksz\u00edn\u0171s\u00e9get \u00fcnneplik.<\/p>\n<p data-start=\"942\" data-end=\"1064\">A program m\u00e9lt\u00f3 z\u00e1r\u00e1sak\u00e9nt v\u00e1r a <strong data-start=\"975\" data-end=\"1000\">fergeteges afterparty<\/strong>, ahol a hangulatr\u00f3l \u00e9s zen\u00e9r\u0151l <strong data-start=\"1032\" data-end=\"1049\">Night Manager<\/strong> gondoskodik!<\/p>\n<p data-start=\"1066\" data-end=\"1087\">\ud83c\udf9f <strong data-start=\"1069\" data-end=\"1085\">Jegyt\u00edpusok:<\/strong><\/p>\n<ul data-start=\"1088\" data-end=\"1287\">\n<li data-start=\"1088\" data-end=\"1192\">\n<p data-start=\"1090\" data-end=\"1192\"><em data-start=\"1090\" data-end=\"1100\">Full Day<\/em> \u2013 r\u00e9szv\u00e9tel az eg\u00e9sz napi programon (workshopok, divatbemutat\u00f3, afterparty) \u2013 <strong data-start=\"1179\" data-end=\"1190\">150 lej<\/strong><\/p>\n<\/li>\n<li data-start=\"1193\" data-end=\"1287\">\n<p data-start=\"1195\" data-end=\"1287\"><em data-start=\"1195\" data-end=\"1222\">Fashion Show &amp; Afterparty<\/em> \u2013 esti bel\u00e9p\u0151 a divatbemutat\u00f3ra \u00e9s az afterpartyra \u2013 <strong data-start=\"1276\" data-end=\"1287\">125 lej<\/strong><\/p>\n<\/li>\n<\/ul>\n<\/div>\n<p>[\/et_pb_text][et_pb_button button_url=&#8221;https:\/\/encystyle.ro\/product\/erdelyi-divat-es-stilus-elmenynap-egesz-napos-jegy\/&#8221; button_text=&#8221;Eg\u00e9sz napos jegy v\u00e1s\u00e1rl\u00e1sa-150Lej&#8221; button_alignment=&#8221;left&#8221; _builder_version=&#8221;4.27.4&#8243; _module_preset=&#8221;default&#8221; custom_button=&#8221;on&#8221; button_text_size=&#8221;18px&#8221; button_text_color=&#8221;#FFFFFF&#8221; button_bg_color=&#8221;#E02B20&#8243; button_border_radius=&#8221;36px&#8221; button_font=&#8221;Poppins|700|||||||&#8221; button_icon=&#8221;&#xe07a;||divi||400&#8243; custom_margin=&#8221;||13px|||&#8221; global_colors_info=&#8221;{}&#8221;][\/et_pb_button][et_pb_button button_url=&#8221;https:\/\/encystyle.ro\/product\/erdelyi-divat-es-stilus-elmenynap-fashion-show-and-afterparty\/&#8221; button_text=&#8221;Divatbemutat\u00f3 \u00e9s afterparty-125Lei&#8221; button_alignment=&#8221;left&#8221; _builder_version=&#8221;4.27.4&#8243; _module_preset=&#8221;default&#8221; custom_button=&#8221;on&#8221; button_text_size=&#8221;18px&#8221; button_text_color=&#8221;#FFFFFF&#8221; button_bg_color=&#8221;#E02B20&#8243; button_border_radius=&#8221;36px&#8221; button_font=&#8221;Poppins|700|||||||&#8221; button_icon=&#8221;&#xe07a;||divi||400&#8243; global_colors_info=&#8221;{}&#8221;][\/et_pb_button][\/et_pb_column][et_pb_column type=&#8221;1_2&#8243; _builder_version=&#8221;4.27.0&#8243; _module_preset=&#8221;default&#8221; global_colors_info=&#8221;{}&#8221;][et_pb_image src=&#8221;https:\/\/encystyle.ro\/wp-content\/uploads\/2025\/10\/Divatnap-HU.webp&#8221; title_text=&#8221;Divatnap-HU&#8221; _builder_version=&#8221;4.27.4&#8243; _module_preset=&#8221;default&#8221; border_radii=&#8221;on|32px|32px|32px|32px&#8221; global_colors_info=&#8221;{}&#8221;][\/et_pb_image][\/et_pb_column][\/et_pb_row][et_pb_row column_structure=&#8221;1_2,1_2&#8243; _builder_version=&#8221;4.27.0&#8243; _module_preset=&#8221;default&#8221; global_colors_info=&#8221;{}&#8221;][et_pb_column type=&#8221;1_2&#8243; _builder_version=&#8221;4.27.0&#8243; _module_preset=&#8221;default&#8221; global_colors_info=&#8221;{}&#8221;][et_pb_text content_tablet=&#8221;<\/p>\n<p>A ReFresh \u2013 Vizu\u00e1lis meg\u00fajul\u00e1s h\u00f6lgyeknek az Encystyle szem\u00e9lyes programja, ahol a c\u00e9lunk, hogy egy\u00e9nre szabott st\u00edlustan\u00e1csad\u00e1ssal seg\u00edts\u00fck a h\u00f6lgyeket \u00faj energi\u00e1kat hozni a megjelen\u00e9s\u00fckbe. A program k\u00f6z\u00e9ppontj\u00e1ban a sz\u00edntan\u00e1csad\u00e1s \u00e1ll, amely sor\u00e1n megtudhatod, mely \u00e1rnyalatok emelik ki legjobban a term\u00e9szetes sz\u00e9ps\u00e9gedet, \u00e9s hogyan \u00e9p\u00edtheted be ezeket a mindennapi \u00f6lt\u00f6zk\u00f6d\u00e9sedbe. R\u00e9szletes \u00fatmutat\u00e1st ny\u00fajtunk abban, hogyan v\u00e1laszd ki a sz\u00e1modra legel\u0151ny\u00f6sebb ruhadarabokat, figyelembe v\u00e9ve a testalkatodat, st\u00edlusodat \u00e9s egy\u00e9nis\u00e9gedet.<\/p>\n<p>Emellett sminktan\u00e1csad\u00e1ssal is gazdagodhatsz, ahol gyakorlati tippeket adunk, hogyan k\u00e9sz\u00edts el olyan sminkeket, amelyek kiemelik az arcod legszebb von\u00e1sait, ugyanakkor k\u00f6nnyen beilleszthet\u0151k a mindennapi rutinodba. A program k\u00fcl\u00f6n figyelmet szentel a frizura kiv\u00e1laszt\u00e1s\u00e1nak is, hiszen egy j\u00f3l megv\u00e1lasztott hajviselet t\u00f6k\u00e9letesen kieg\u00e9sz\u00edtheti az \u00faj megjelen\u00e9sedet. Ebben szem\u00e9lyre szabott aj\u00e1nl\u00e1sokkal seg\u00edt\u00fcnk, hogy a frizur\u00e1d ne csak eszt\u00e9tikus, hanem praktikus \u00e9s k\u00e9nyelmes is legyen.<\/p>\n<\/p>\n<\/p>\n<p>A ReFresh program nem csup\u00e1n k\u00fcls\u0151 v\u00e1ltoz\u00e1sr\u00f3l sz\u00f3l: c\u00e9lunk, hogy magabiztosabb\u00e1 v\u00e1lj, \u00e9s t\u00fckr\u00f6zze a megjelen\u00e9sed az egy\u00e9nis\u00e9gedet. Szem\u00e9lyes, k\u00f6zvetlen tan\u00e1csainkkal \u00e9s t\u00e1mogat\u00e1sunkkal seg\u00edt\u00fcnk abban, hogy a legjobb form\u00e1dat hozd a mindennapokban. Ez a program t\u00f6k\u00e9letes v\u00e1laszt\u00e1s minden olyan n\u0151 sz\u00e1m\u00e1ra, aki k\u00e9szen \u00e1ll egy val\u00f3di vizu\u00e1lis meg\u00fajul\u00e1sra!<\/p>\n<p>&#8221; content_phone=&#8221;<\/p>\n<div class=%22flex max-w-full flex-col flex-grow%22>\n<div data-message-author-role=%22assistant%22 data-message-id=%2286cdd591-5333-4060-8b3f-62c69af35ac4%22 dir=%22auto%22 class=%22min-h-8 text-message flex w-full flex-col items-end gap-2 whitespace-normal break-words %91.text-message+&#038;%93:mt-5%22>\n<div class=%22flex w-full flex-col gap-1 empty:hidden first:pt-%913px%93%22>\n<div class=%22markdown prose w-full break-words dark:prose-invert light%22>\n<p>A ReFresh \u2013 Vizu\u00e1lis meg\u00fajul\u00e1s h\u00f6lgyeknek az Encystyle szem\u00e9lyes programja, ahol a c\u00e9l, hogy egyedi st\u00edlustan\u00e1csad\u00e1ssal seg\u00edts\u00fck a meg\u00fajulni v\u00e1gy\u00f3 h\u00f6lgyeket. A program sor\u00e1n szem\u00e9lyre szabott sz\u00edn- \u00e9s st\u00edlustan\u00e1csad\u00e1sban r\u00e9szes\u00fclsz, hogy megtal\u00e1ld a hozz\u00e1d legjobban ill\u0151 \u00e1rnyalatokat \u00e9s ruhadarabokat. Ezen k\u00edv\u00fcl gyakorlati sminktr\u00fckk\u00f6ket tan\u00edtunk, melyekkel kiemelheted term\u00e9szetes sz\u00e9ps\u00e9gedet. A t\u00f6k\u00e9letes frizura kiv\u00e1laszt\u00e1s\u00e1ban is t\u00e1mogat\u00e1st ny\u00fajtunk, hogy megjelen\u00e9sed harmonikus \u00e9s magabiztos legyen. A ReFresh programban az a legfontosabb, hogy igaz\u00e1n \u00f6nmagad lehess!<\/p>\n<\/div>\n<\/div>\n<\/div>\n<\/div>\n<div class=%22mb-2 flex gap-3 empty:hidden -ml-2%22>\n<div class=%22items-center justify-start rounded-xl p-1 z-10 -mt-1 bg-token-main-surface-primary md:absolute flex%22>\n<div class=%22flex items-center%22>\n<p><span class=%22hidden%22><\/span><\/p>\n<div class=%22flex items-center pb-0%22><\/div>\n<\/div>\n<\/div>\n<\/div>\n<p>&#8221; content_last_edited=&#8221;on|phone&#8221; _builder_version=&#8221;4.27.0&#8243; _module_preset=&#8221;default&#8221; text_text_color=&#8221;RGBA(255,255,255,0)&#8221; background_video_mp4=&#8221;https:\/\/encystyle.ro\/wp-content\/uploads\/2024\/10\/Refresh.mp4&#8243; background_video_pause_outside_viewport=&#8221;off&#8221; global_colors_info=&#8221;{}&#8221;]<\/p>\n<p>A ReFresh \u2013 Vizu\u00e1lis meg\u00fajul\u00e1s h\u00f6lgyeknek az Encystyle szem\u00e9lyes programja, ahol a c\u00e9lunk, hogy egy\u00e9nre szabott st\u00edlustan\u00e1csad\u00e1ssal seg\u00edts\u00fck a h\u00f6lgyeket \u00faj energi\u00e1kat hozni a megjelen\u00e9s\u00fckbe. A program k\u00f6z\u00e9ppontj\u00e1ban a sz\u00edntan\u00e1csad\u00e1s \u00e1ll, amely sor\u00e1n megtudhatod, mely \u00e1rnyalatok emelik ki legjobban a term\u00e9szetes sz\u00e9ps\u00e9gedet, \u00e9s hogyan \u00e9p\u00edtheted be ezeket a mindennapi \u00f6lt\u00f6zk\u00f6d\u00e9sedbe. R\u00e9szletes \u00fatmutat\u00e1st ny\u00fajtunk abban, hogyan v\u00e1laszd ki a sz\u00e1modra legel\u0151ny\u00f6sebb ruhadarabokat, figyelembe v\u00e9ve a testalkatodat, st\u00edlusodat \u00e9s egy\u00e9nis\u00e9gedet.<\/p>\n<p>Emellett sminktan\u00e1csad\u00e1ssal is gazdagodhatsz, ahol gyakorlati tippeket adunk, hogyan k\u00e9sz\u00edts el olyan sminkeket, amelyek kiemelik az arcod legszebb von\u00e1sait, ugyanakkor k\u00f6nnyen beilleszthet\u0151k a mindennapi rutinodba. A program k\u00fcl\u00f6n figyelmet szentel a frizura kiv\u00e1laszt\u00e1s\u00e1nak is, hiszen egy j\u00f3l megv\u00e1lasztott hajviselet t\u00f6k\u00e9letesen kieg\u00e9sz\u00edtheti az \u00faj megjelen\u00e9sedet. Ebben szem\u00e9lyre szabott aj\u00e1nl\u00e1sokkal seg\u00edt\u00fcnk, hogy a frizur\u00e1d ne csak eszt\u00e9tikus, hanem praktikus \u00e9s k\u00e9nyelmes is legyen.<\/p>\n<p>A ReFresh program nem csup\u00e1n k\u00fcls\u0151 v\u00e1ltoz\u00e1sr\u00f3l sz\u00f3l: c\u00e9lunk, hogy magabiztosabb\u00e1 v\u00e1lj, \u00e9s t\u00fckr\u00f6zze a megjelen\u00e9sed az egy\u00e9nis\u00e9gedet. Szem\u00e9lyes, k\u00f6zvetlen tan\u00e1csainkkal \u00e9s t\u00e1mogat\u00e1sunkkal seg\u00edt\u00fcnk abban, hogy a legjobb form\u00e1dat hozd a mindennapokban. Ez a program t\u00f6k\u00e9letes v\u00e1laszt\u00e1s minden olyan n\u0151 sz\u00e1m\u00e1ra, aki k\u00e9szen \u00e1ll egy val\u00f3di vizu\u00e1lis meg\u00fajul\u00e1sra!<\/p>\n<p>[\/et_pb_text][\/et_pb_column][et_pb_column type=&#8221;1_2&#8243; _builder_version=&#8221;4.27.0&#8243; _module_preset=&#8221;default&#8221; global_colors_info=&#8221;{}&#8221;][et_pb_text _builder_version=&#8221;4.27.0&#8243; _module_preset=&#8221;default&#8221; text_font=&#8221;Chivo|300|||||||&#8221; text_text_color=&#8221;#727272&#8243; text_font_size=&#8221;16px&#8221; header_font=&#8221;Karla|300|||||||&#8221; header_text_color=&#8221;#ea8c00&#8243; header_font_size=&#8221;47px&#8221; global_colors_info=&#8221;{}&#8221;]<\/p>\n<h1>ReFresh, vizu\u00e1lis meg\u00fajul\u00e1s h\u00f6lgyeknek<\/h1>\n<p>&nbsp;<\/p>\n<div class=\"flex max-w-full flex-col flex-grow\">\n<div data-message-author-role=\"assistant\" data-message-id=\"86cdd591-5333-4060-8b3f-62c69af35ac4\" dir=\"auto\" class=\"min-h-8 text-message flex w-full flex-col items-end gap-2 whitespace-normal break-words [.text-message+&amp;]:mt-5\">\n<div class=\"flex w-full flex-col gap-1 empty:hidden first:pt-[3px]\">\n<div class=\"markdown prose w-full break-words dark:prose-invert light\">\n<p>A ReFresh \u2013 Vizu\u00e1lis meg\u00fajul\u00e1s h\u00f6lgyeknek az Encystyle szem\u00e9lyes programja, ahol a c\u00e9l, hogy egyedi st\u00edlustan\u00e1csad\u00e1ssal seg\u00edts\u00fck a meg\u00fajulni v\u00e1gy\u00f3 h\u00f6lgyeket. A program sor\u00e1n szem\u00e9lyre szabott sz\u00edn- \u00e9s st\u00edlustan\u00e1csad\u00e1sban r\u00e9szes\u00fclsz, hogy megtal\u00e1ld a hozz\u00e1d legjobban ill\u0151 \u00e1rnyalatokat \u00e9s ruhadarabokat. Ezen k\u00edv\u00fcl gyakorlati sminktr\u00fckk\u00f6ket tan\u00edtunk, melyekkel kiemelheted term\u00e9szetes sz\u00e9ps\u00e9gedet.\u00a0<br \/>\u00c1ttekint\u00e9s:<br \/>\u2022 Profi &#8222;el\u0151tte-ut\u00e1na&#8221; fot\u00f3\u00a0<br \/>\u2022 Profi smink a fot\u00f3hoz + tan\u00e1csad\u00e1s<br \/>\u2022 Tan\u00e1csad\u00e1s a sz\u00e1modra legmegfelel\u0151bb frizura kiv\u00e1laszt\u00e1s\u00e1ban<br \/>\u2022 Fot\u00f3k az \u00e1talakul\u00e1si folyamatr\u00f3l<\/p>\n<p>A ReFresh programban az a legfontosabb, hogy igaz\u00e1n \u00f6nmagad lehess!<\/p>\n<p><strong>R\u00e9szv\u00e9teli d\u00edj: 499 Ron<\/strong><\/p>\n<\/div>\n<\/div>\n<\/div>\n<\/div>\n<p>[\/et_pb_text][et_pb_button button_url=&#8221;https:\/\/buy.stripe.com\/6oU28rc4L2pA3cf1wfbfO0h&#8221; url_new_window=&#8221;on&#8221; button_text=&#8221;Megrendelem&#8221; button_alignment=&#8221;left&#8221; _builder_version=&#8221;4.27.4&#8243; _module_preset=&#8221;default&#8221; custom_button=&#8221;on&#8221; button_text_size=&#8221;18px&#8221; button_text_color=&#8221;#FFFFFF&#8221; button_bg_color=&#8221;#fcac00&#8243; button_border_radius=&#8221;36px&#8221; button_font=&#8221;Poppins|700|||||||&#8221; button_icon=&#8221;&#xf07a;||fa||900&#8243; global_colors_info=&#8221;{}&#8221;][\/et_pb_button][\/et_pb_column][\/et_pb_row][\/et_pb_section]<\/p>\n","protected":false},"excerpt":{"rendered":"<p>ERD\u00c9LYI DIVAT \u00c9S ST\u00cdLUS \u00c9LM\u00c9NYNAP-Early bird Foglalj helyet a 2026-os esem\u00e9ny\u00fcnkre! Fedezd fel az erd\u00e9lyi divat vil\u00e1g\u00e1t, \u00e9s mer\u00edts inspir\u00e1ci\u00f3t a mindennapi megjelen\u00e9sedhez ezen a k\u00fcl\u00f6nleges napon, ahol a st\u00edlus, az elegancia \u00e9s a kreativit\u00e1s tal\u00e1lkozik! D\u00e9lel\u0151tt inspir\u00e1l\u00f3 workshopokon vehetsz r\u00e9szt, ahol a divatszakma tapasztalt szak\u00e9rt\u0151i seg\u00edtenek felfedezni az egy\u00e9ni st\u00edlusodat, \u00e9s megmutatj\u00e1k, hogyan alak\u00edtsd [&hellip;]<\/p>\n","protected":false},"author":1,"featured_media":0,"parent":0,"menu_order":0,"comment_status":"closed","ping_status":"closed","template":"","meta":{"_et_pb_use_builder":"on","_et_pb_old_content":"","_et_gb_content_width":"","footnotes":""},"dipi_cpt_category":[],"class_list":["post-361","page","type-page","status-publish","hentry"],"yoast_head":"<!-- This site is optimized with the Yoast SEO plugin v26.8 - https:\/\/yoast.com\/product\/yoast-seo-wordpress\/ -->\n<title>Encystyle \u2013 Aktu\u00e1lis programok \u00e9s esem\u00e9nyek a st\u00edlus vil\u00e1g\u00e1ban<\/title>\n<meta name=\"description\" content=\"Ismerd meg az Encystyle aktu\u00e1lis programjait: sz\u00edn- \u00e9s st\u00edlustan\u00e1csad\u00e1s, workshopok, divatbemutat\u00f3k Erd\u00e9lyben. Fedezd fel, hogyan fejlesztheted szem\u00e9lyes st\u00edlusod!\" \/>\n<meta name=\"robots\" content=\"index, follow, max-snippet:-1, max-image-preview:large, max-video-preview:-1\" \/>\n<link rel=\"canonical\" href=\"https:\/\/encystyle.ro\/ro\/programok\/\" \/>\n<meta property=\"og:locale\" content=\"ro_RO\" \/>\n<meta property=\"og:type\" content=\"article\" \/>\n<meta property=\"og:title\" content=\"Encystyle \u2013 Aktu\u00e1lis programok \u00e9s esem\u00e9nyek\" \/>\n<meta property=\"og:description\" content=\"Fedezd fel az aktu\u00e1lis workshopokat, divatbemutat\u00f3kat az Encystyle seg\u00edts\u00e9g\u00e9vel \u2013 fejleszd st\u00edlusod \u00e9s \u00e9lvezd a st\u00edlus vil\u00e1g\u00e1t Erd\u00e9lyben.\" \/>\n<meta property=\"og:url\" content=\"https:\/\/encystyle.ro\/ro\/programok\/\" \/>\n<meta property=\"og:site_name\" content=\"Encystyle\" \/>\n<meta property=\"article:publisher\" content=\"https:\/\/www.facebook.com\/encystyle\" \/>\n<meta property=\"article:modified_time\" content=\"2026-03-26T10:36:26+00:00\" \/>\n<meta property=\"og:image\" content=\"https:\/\/encystyle.ro\/wp-content\/uploads\/2025\/11\/esemenyek.webp\" \/>\n\t<meta property=\"og:image:width\" content=\"1280\" \/>\n\t<meta property=\"og:image:height\" content=\"853\" \/>\n\t<meta property=\"og:image:type\" content=\"image\/webp\" \/>\n<meta name=\"twitter:card\" content=\"summary_large_image\" \/>\n<meta name=\"twitter:label1\" content=\"Timp estimat pentru citire\" \/>\n\t<meta name=\"twitter:data1\" content=\"6 minute\" \/>\n<script type=\"application\/ld+json\" class=\"yoast-schema-graph\">{\"@context\":\"https:\/\/schema.org\",\"@graph\":[{\"@type\":\"WebPage\",\"@id\":\"https:\/\/encystyle.ro\/programok\/\",\"url\":\"https:\/\/encystyle.ro\/programok\/\",\"name\":\"Encystyle \u2013 Aktu\u00e1lis programok \u00e9s esem\u00e9nyek a st\u00edlus vil\u00e1g\u00e1ban\",\"isPartOf\":{\"@id\":\"https:\/\/encystyle.ro\/#website\"},\"datePublished\":\"2024-10-01T22:23:37+00:00\",\"dateModified\":\"2026-03-26T10:36:26+00:00\",\"description\":\"Ismerd meg az Encystyle aktu\u00e1lis programjait: sz\u00edn- \u00e9s st\u00edlustan\u00e1csad\u00e1s, workshopok, divatbemutat\u00f3k Erd\u00e9lyben. Fedezd fel, hogyan fejlesztheted szem\u00e9lyes st\u00edlusod!\",\"breadcrumb\":{\"@id\":\"https:\/\/encystyle.ro\/programok\/#breadcrumb\"},\"inLanguage\":\"ro-RO\",\"potentialAction\":[{\"@type\":\"ReadAction\",\"target\":[\"https:\/\/encystyle.ro\/programok\/\"]}]},{\"@type\":\"BreadcrumbList\",\"@id\":\"https:\/\/encystyle.ro\/programok\/#breadcrumb\",\"itemListElement\":[{\"@type\":\"ListItem\",\"position\":1,\"name\":\"Kezd\u0151lap\",\"item\":\"https:\/\/encystyle.ro\/\"},{\"@type\":\"ListItem\",\"position\":2,\"name\":\"Aktu\u00e1lis programok\"}]},{\"@type\":\"WebSite\",\"@id\":\"https:\/\/encystyle.ro\/#website\",\"url\":\"https:\/\/encystyle.ro\/\",\"name\":\"Encystyle\",\"description\":\"Sz\u00edn \u00e9s st\u00edlustan\u00e1csad\u00e1s\",\"publisher\":{\"@id\":\"https:\/\/encystyle.ro\/#organization\"},\"potentialAction\":[{\"@type\":\"SearchAction\",\"target\":{\"@type\":\"EntryPoint\",\"urlTemplate\":\"https:\/\/encystyle.ro\/?s={search_term_string}\"},\"query-input\":{\"@type\":\"PropertyValueSpecification\",\"valueRequired\":true,\"valueName\":\"search_term_string\"}}],\"inLanguage\":\"ro-RO\"},{\"@type\":\"Organization\",\"@id\":\"https:\/\/encystyle.ro\/#organization\",\"name\":\"Encystyle\",\"url\":\"https:\/\/encystyle.ro\/\",\"logo\":{\"@type\":\"ImageObject\",\"inLanguage\":\"ro-RO\",\"@id\":\"https:\/\/encystyle.ro\/#\/schema\/logo\/image\/\",\"url\":\"https:\/\/encystyle.ro\/wp-content\/uploads\/2022\/07\/Main-logo.png\",\"contentUrl\":\"https:\/\/encystyle.ro\/wp-content\/uploads\/2022\/07\/Main-logo.png\",\"width\":438,\"height\":311,\"caption\":\"Encystyle\"},\"image\":{\"@id\":\"https:\/\/encystyle.ro\/#\/schema\/logo\/image\/\"},\"sameAs\":[\"https:\/\/www.facebook.com\/encystyle\"]}]}<\/script>\n<!-- \/ Yoast SEO plugin. -->","yoast_head_json":{"title":"Encystyle \u2013 Aktu\u00e1lis programok \u00e9s esem\u00e9nyek a st\u00edlus vil\u00e1g\u00e1ban","description":"Ismerd meg az Encystyle aktu\u00e1lis programjait: sz\u00edn- \u00e9s st\u00edlustan\u00e1csad\u00e1s, workshopok, divatbemutat\u00f3k Erd\u00e9lyben. Fedezd fel, hogyan fejlesztheted szem\u00e9lyes st\u00edlusod!","robots":{"index":"index","follow":"follow","max-snippet":"max-snippet:-1","max-image-preview":"max-image-preview:large","max-video-preview":"max-video-preview:-1"},"canonical":"https:\/\/encystyle.ro\/ro\/programok\/","og_locale":"ro_RO","og_type":"article","og_title":"Encystyle \u2013 Aktu\u00e1lis programok \u00e9s esem\u00e9nyek","og_description":"Fedezd fel az aktu\u00e1lis workshopokat, divatbemutat\u00f3kat az Encystyle seg\u00edts\u00e9g\u00e9vel \u2013 fejleszd st\u00edlusod \u00e9s \u00e9lvezd a st\u00edlus vil\u00e1g\u00e1t Erd\u00e9lyben.","og_url":"https:\/\/encystyle.ro\/ro\/programok\/","og_site_name":"Encystyle","article_publisher":"https:\/\/www.facebook.com\/encystyle","article_modified_time":"2026-03-26T10:36:26+00:00","og_image":[{"width":1280,"height":853,"url":"https:\/\/encystyle.ro\/wp-content\/uploads\/2025\/11\/esemenyek.webp","type":"image\/webp"}],"twitter_card":"summary_large_image","twitter_misc":{"Timp estimat pentru citire":"6 minute"},"schema":{"@context":"https:\/\/schema.org","@graph":[{"@type":"WebPage","@id":"https:\/\/encystyle.ro\/programok\/","url":"https:\/\/encystyle.ro\/programok\/","name":"Encystyle \u2013 Aktu\u00e1lis programok \u00e9s esem\u00e9nyek a st\u00edlus vil\u00e1g\u00e1ban","isPartOf":{"@id":"https:\/\/encystyle.ro\/#website"},"datePublished":"2024-10-01T22:23:37+00:00","dateModified":"2026-03-26T10:36:26+00:00","description":"Ismerd meg az Encystyle aktu\u00e1lis programjait: sz\u00edn- \u00e9s st\u00edlustan\u00e1csad\u00e1s, workshopok, divatbemutat\u00f3k Erd\u00e9lyben. Fedezd fel, hogyan fejlesztheted szem\u00e9lyes st\u00edlusod!","breadcrumb":{"@id":"https:\/\/encystyle.ro\/programok\/#breadcrumb"},"inLanguage":"ro-RO","potentialAction":[{"@type":"ReadAction","target":["https:\/\/encystyle.ro\/programok\/"]}]},{"@type":"BreadcrumbList","@id":"https:\/\/encystyle.ro\/programok\/#breadcrumb","itemListElement":[{"@type":"ListItem","position":1,"name":"Kezd\u0151lap","item":"https:\/\/encystyle.ro\/"},{"@type":"ListItem","position":2,"name":"Aktu\u00e1lis programok"}]},{"@type":"WebSite","@id":"https:\/\/encystyle.ro\/#website","url":"https:\/\/encystyle.ro\/","name":"Encystyle","description":"Sz\u00edn \u00e9s st\u00edlustan\u00e1csad\u00e1s","publisher":{"@id":"https:\/\/encystyle.ro\/#organization"},"potentialAction":[{"@type":"SearchAction","target":{"@type":"EntryPoint","urlTemplate":"https:\/\/encystyle.ro\/?s={search_term_string}"},"query-input":{"@type":"PropertyValueSpecification","valueRequired":true,"valueName":"search_term_string"}}],"inLanguage":"ro-RO"},{"@type":"Organization","@id":"https:\/\/encystyle.ro\/#organization","name":"Encystyle","url":"https:\/\/encystyle.ro\/","logo":{"@type":"ImageObject","inLanguage":"ro-RO","@id":"https:\/\/encystyle.ro\/#\/schema\/logo\/image\/","url":"https:\/\/encystyle.ro\/wp-content\/uploads\/2022\/07\/Main-logo.png","contentUrl":"https:\/\/encystyle.ro\/wp-content\/uploads\/2022\/07\/Main-logo.png","width":438,"height":311,"caption":"Encystyle"},"image":{"@id":"https:\/\/encystyle.ro\/#\/schema\/logo\/image\/"},"sameAs":["https:\/\/www.facebook.com\/encystyle"]}]}},"_links":{"self":[{"href":"https:\/\/encystyle.ro\/ro\/wp-json\/wp\/v2\/pages\/361","targetHints":{"allow":["GET"]}}],"collection":[{"href":"https:\/\/encystyle.ro\/ro\/wp-json\/wp\/v2\/pages"}],"about":[{"href":"https:\/\/encystyle.ro\/ro\/wp-json\/wp\/v2\/types\/page"}],"author":[{"embeddable":true,"href":"https:\/\/encystyle.ro\/ro\/wp-json\/wp\/v2\/users\/1"}],"replies":[{"embeddable":true,"href":"https:\/\/encystyle.ro\/ro\/wp-json\/wp\/v2\/comments?post=361"}],"version-history":[{"count":63,"href":"https:\/\/encystyle.ro\/ro\/wp-json\/wp\/v2\/pages\/361\/revisions"}],"predecessor-version":[{"id":797,"href":"https:\/\/encystyle.ro\/ro\/wp-json\/wp\/v2\/pages\/361\/revisions\/797"}],"wp:attachment":[{"href":"https:\/\/encystyle.ro\/ro\/wp-json\/wp\/v2\/media?parent=361"}],"wp:term":[{"taxonomy":"dipi_cpt_category","embeddable":true,"href":"https:\/\/encystyle.ro\/ro\/wp-json\/wp\/v2\/dipi_cpt_category?post=361"}],"curies":[{"name":"wp","href":"https:\/\/api.w.org\/{rel}","templated":true}]}}