{"id":470,"date":"2025-09-21T20:28:51","date_gmt":"2025-09-21T20:28:51","guid":{"rendered":"https:\/\/encystyle.ro\/?post_type=product&#038;p=470"},"modified":"2025-09-21T20:41:58","modified_gmt":"2025-09-21T20:41:58","slug":"pepita-belle-nadrag","status":"publish","type":"product","link":"https:\/\/encystyle.ro\/ro\/product\/pepita-belle-nadrag\/","title":{"rendered":"Pepita Belle \u2013 pantaloni"},"content":{"rendered":"<p data-start=\"230\" data-end=\"479\">Elegan\u021ba clasic\u0103 reinterpretat\u0103.<br data-start=\"268\" data-end=\"271\" \/>Pantalonii Pepita Belle, cu croial\u0103 conic\u0103 dar confortabil\u0103, ofer\u0103 \u00een acela\u0219i timp putere \u0219i lejeritate. Imprimeul subtil pepita confer\u0103 un aspect discret, dar plin de caracter \u2013 exact ca tine.<\/p>\n<p data-start=\"481\" data-end=\"604\">Poart\u0103-i la \u00eent\u00e2lniri de afaceri, evenimente culturale sau chiar la o \u00eent\u00e2lnire de sear\u0103 \u2013 ace\u0219ti pantaloni nu te limiteaz\u0103, ci te \u00eenso\u021besc.<\/p>\n<p data-start=\"606\" data-end=\"660\">Dup\u0103 comand\u0103, pantalonii vor fi personaliza\u021bi pe m\u0103sur\u0103, pentru a se potrivi perfect siluetei tale.<\/p>","protected":false},"excerpt":{"rendered":"<p>Pantalonii Pepita Belle, cu linia conic\u0103 dar confortabil\u0103, ofer\u0103 simultan for\u021b\u0103 \u0219i lejeritate.<\/p>","protected":false},"featured_media":473,"comment_status":"open","ping_status":"closed","template":"","meta":{"_et_pb_use_builder":"","_et_pb_old_content":"","_et_gb_content_width":""},"product_brand":[],"product_cat":[23],"product_tag":[26,24,25],"class_list":{"0":"post-470","1":"product","2":"type-product","3":"status-publish","4":"has-post-thumbnail","6":"product_cat-nadrag","7":"product_tag-belle","8":"product_tag-nadrag","9":"product_tag-pepita","11":"first","12":"instock","13":"shipping-taxable","14":"purchasable","15":"product-type-simple"},"yoast_head":"<!-- This site is optimized with the Yoast SEO plugin v26.8 - https:\/\/yoast.com\/product\/yoast-seo-wordpress\/ -->\n<title>Pepita Belle Nadr\u00e1g - Encystyle<\/title>\n<meta name=\"robots\" content=\"index, follow, max-snippet:-1, max-image-preview:large, max-video-preview:-1\" \/>\n<link rel=\"canonical\" href=\"https:\/\/encystyle.ro\/ro\/product\/pepita-belle-nadrag\/\" \/>\n<meta property=\"og:locale\" content=\"ro_RO\" \/>\n<meta property=\"og:type\" content=\"article\" \/>\n<meta property=\"og:title\" content=\"Pepita Belle Nadr\u00e1g - Encystyle\" \/>\n<meta property=\"og:description\" content=\"A Pepita Belle nadr\u00e1g karcs\u00fas\u00edtott, m\u00e9gis k\u00e9nyelmes vonal\u00e1val egyszerre ad er\u0151t \u00e9s k\u00f6nnyeds\u00e9get.\" \/>\n<meta property=\"og:url\" content=\"https:\/\/encystyle.ro\/ro\/product\/pepita-belle-nadrag\/\" \/>\n<meta property=\"og:site_name\" content=\"Encystyle\" \/>\n<meta property=\"article:publisher\" content=\"https:\/\/www.facebook.com\/encystyle\" \/>\n<meta property=\"article:modified_time\" content=\"2025-09-21T20:41:58+00:00\" \/>\n<meta property=\"og:image\" content=\"https:\/\/encystyle.ro\/wp-content\/uploads\/2025\/09\/Encystyle-Prod03.webp\" \/>\n\t<meta property=\"og:image:width\" content=\"1066\" \/>\n\t<meta property=\"og:image:height\" content=\"1066\" \/>\n\t<meta property=\"og:image:type\" content=\"image\/webp\" \/>\n<meta name=\"twitter:card\" content=\"summary_large_image\" \/>\n<script type=\"application\/ld+json\" class=\"yoast-schema-graph\">{\"@context\":\"https:\/\/schema.org\",\"@graph\":[{\"@type\":\"WebPage\",\"@id\":\"https:\/\/encystyle.ro\/product\/pepita-belle-nadrag\/\",\"url\":\"https:\/\/encystyle.ro\/product\/pepita-belle-nadrag\/\",\"name\":\"Pepita Belle Nadr\u00e1g - Encystyle\",\"isPartOf\":{\"@id\":\"https:\/\/encystyle.ro\/#website\"},\"primaryImageOfPage\":{\"@id\":\"https:\/\/encystyle.ro\/product\/pepita-belle-nadrag\/#primaryimage\"},\"image\":{\"@id\":\"https:\/\/encystyle.ro\/product\/pepita-belle-nadrag\/#primaryimage\"},\"thumbnailUrl\":\"https:\/\/encystyle.ro\/wp-content\/uploads\/2025\/09\/Encystyle-Prod03.webp\",\"datePublished\":\"2025-09-21T20:28:51+00:00\",\"dateModified\":\"2025-09-21T20:41:58+00:00\",\"breadcrumb\":{\"@id\":\"https:\/\/encystyle.ro\/product\/pepita-belle-nadrag\/#breadcrumb\"},\"inLanguage\":\"ro-RO\",\"potentialAction\":[{\"@type\":\"ReadAction\",\"target\":[\"https:\/\/encystyle.ro\/product\/pepita-belle-nadrag\/\"]}]},{\"@type\":\"ImageObject\",\"inLanguage\":\"ro-RO\",\"@id\":\"https:\/\/encystyle.ro\/product\/pepita-belle-nadrag\/#primaryimage\",\"url\":\"https:\/\/encystyle.ro\/wp-content\/uploads\/2025\/09\/Encystyle-Prod03.webp\",\"contentUrl\":\"https:\/\/encystyle.ro\/wp-content\/uploads\/2025\/09\/Encystyle-Prod03.webp\",\"width\":1066,\"height\":1066},{\"@type\":\"BreadcrumbList\",\"@id\":\"https:\/\/encystyle.ro\/product\/pepita-belle-nadrag\/#breadcrumb\",\"itemListElement\":[{\"@type\":\"ListItem\",\"position\":1,\"name\":\"Kezd\u0151lap\",\"item\":\"https:\/\/encystyle.ro\/\"},{\"@type\":\"ListItem\",\"position\":2,\"name\":\"Shop\",\"item\":\"https:\/\/encystyle.ro\/shop\/\"},{\"@type\":\"ListItem\",\"position\":3,\"name\":\"Pepita Belle Nadr\u00e1g\"}]},{\"@type\":\"WebSite\",\"@id\":\"https:\/\/encystyle.ro\/#website\",\"url\":\"https:\/\/encystyle.ro\/\",\"name\":\"Encystyle\",\"description\":\"Sz\u00edn \u00e9s st\u00edlustan\u00e1csad\u00e1s\",\"publisher\":{\"@id\":\"https:\/\/encystyle.ro\/#organization\"},\"potentialAction\":[{\"@type\":\"SearchAction\",\"target\":{\"@type\":\"EntryPoint\",\"urlTemplate\":\"https:\/\/encystyle.ro\/?s={search_term_string}\"},\"query-input\":{\"@type\":\"PropertyValueSpecification\",\"valueRequired\":true,\"valueName\":\"search_term_string\"}}],\"inLanguage\":\"ro-RO\"},{\"@type\":\"Organization\",\"@id\":\"https:\/\/encystyle.ro\/#organization\",\"name\":\"Encystyle\",\"url\":\"https:\/\/encystyle.ro\/\",\"logo\":{\"@type\":\"ImageObject\",\"inLanguage\":\"ro-RO\",\"@id\":\"https:\/\/encystyle.ro\/#\/schema\/logo\/image\/\",\"url\":\"https:\/\/encystyle.ro\/wp-content\/uploads\/2022\/07\/Main-logo.png\",\"contentUrl\":\"https:\/\/encystyle.ro\/wp-content\/uploads\/2022\/07\/Main-logo.png\",\"width\":438,\"height\":311,\"caption\":\"Encystyle\"},\"image\":{\"@id\":\"https:\/\/encystyle.ro\/#\/schema\/logo\/image\/\"},\"sameAs\":[\"https:\/\/www.facebook.com\/encystyle\"]}]}<\/script>\n<!-- \/ Yoast SEO plugin. -->","yoast_head_json":{"title":"Pepita Belle Nadr\u00e1g - Encystyle","robots":{"index":"index","follow":"follow","max-snippet":"max-snippet:-1","max-image-preview":"max-image-preview:large","max-video-preview":"max-video-preview:-1"},"canonical":"https:\/\/encystyle.ro\/ro\/product\/pepita-belle-nadrag\/","og_locale":"ro_RO","og_type":"article","og_title":"Pepita Belle Nadr\u00e1g - Encystyle","og_description":"A Pepita Belle nadr\u00e1g karcs\u00fas\u00edtott, m\u00e9gis k\u00e9nyelmes vonal\u00e1val egyszerre ad er\u0151t \u00e9s k\u00f6nnyeds\u00e9get.","og_url":"https:\/\/encystyle.ro\/ro\/product\/pepita-belle-nadrag\/","og_site_name":"Encystyle","article_publisher":"https:\/\/www.facebook.com\/encystyle","article_modified_time":"2025-09-21T20:41:58+00:00","og_image":[{"width":1066,"height":1066,"url":"https:\/\/encystyle.ro\/wp-content\/uploads\/2025\/09\/Encystyle-Prod03.webp","type":"image\/webp"}],"twitter_card":"summary_large_image","schema":{"@context":"https:\/\/schema.org","@graph":[{"@type":"WebPage","@id":"https:\/\/encystyle.ro\/product\/pepita-belle-nadrag\/","url":"https:\/\/encystyle.ro\/product\/pepita-belle-nadrag\/","name":"Pepita Belle Nadr\u00e1g - Encystyle","isPartOf":{"@id":"https:\/\/encystyle.ro\/#website"},"primaryImageOfPage":{"@id":"https:\/\/encystyle.ro\/product\/pepita-belle-nadrag\/#primaryimage"},"image":{"@id":"https:\/\/encystyle.ro\/product\/pepita-belle-nadrag\/#primaryimage"},"thumbnailUrl":"https:\/\/encystyle.ro\/wp-content\/uploads\/2025\/09\/Encystyle-Prod03.webp","datePublished":"2025-09-21T20:28:51+00:00","dateModified":"2025-09-21T20:41:58+00:00","breadcrumb":{"@id":"https:\/\/encystyle.ro\/product\/pepita-belle-nadrag\/#breadcrumb"},"inLanguage":"ro-RO","potentialAction":[{"@type":"ReadAction","target":["https:\/\/encystyle.ro\/product\/pepita-belle-nadrag\/"]}]},{"@type":"ImageObject","inLanguage":"ro-RO","@id":"https:\/\/encystyle.ro\/product\/pepita-belle-nadrag\/#primaryimage","url":"https:\/\/encystyle.ro\/wp-content\/uploads\/2025\/09\/Encystyle-Prod03.webp","contentUrl":"https:\/\/encystyle.ro\/wp-content\/uploads\/2025\/09\/Encystyle-Prod03.webp","width":1066,"height":1066},{"@type":"BreadcrumbList","@id":"https:\/\/encystyle.ro\/product\/pepita-belle-nadrag\/#breadcrumb","itemListElement":[{"@type":"ListItem","position":1,"name":"Kezd\u0151lap","item":"https:\/\/encystyle.ro\/"},{"@type":"ListItem","position":2,"name":"Shop","item":"https:\/\/encystyle.ro\/shop\/"},{"@type":"ListItem","position":3,"name":"Pepita Belle Nadr\u00e1g"}]},{"@type":"WebSite","@id":"https:\/\/encystyle.ro\/#website","url":"https:\/\/encystyle.ro\/","name":"Encystyle","description":"Sz\u00edn \u00e9s st\u00edlustan\u00e1csad\u00e1s","publisher":{"@id":"https:\/\/encystyle.ro\/#organization"},"potentialAction":[{"@type":"SearchAction","target":{"@type":"EntryPoint","urlTemplate":"https:\/\/encystyle.ro\/?s={search_term_string}"},"query-input":{"@type":"PropertyValueSpecification","valueRequired":true,"valueName":"search_term_string"}}],"inLanguage":"ro-RO"},{"@type":"Organization","@id":"https:\/\/encystyle.ro\/#organization","name":"Encystyle","url":"https:\/\/encystyle.ro\/","logo":{"@type":"ImageObject","inLanguage":"ro-RO","@id":"https:\/\/encystyle.ro\/#\/schema\/logo\/image\/","url":"https:\/\/encystyle.ro\/wp-content\/uploads\/2022\/07\/Main-logo.png","contentUrl":"https:\/\/encystyle.ro\/wp-content\/uploads\/2022\/07\/Main-logo.png","width":438,"height":311,"caption":"Encystyle"},"image":{"@id":"https:\/\/encystyle.ro\/#\/schema\/logo\/image\/"},"sameAs":["https:\/\/www.facebook.com\/encystyle"]}]}},"_links":{"self":[{"href":"https:\/\/encystyle.ro\/ro\/wp-json\/wp\/v2\/product\/470","targetHints":{"allow":["GET"]}}],"collection":[{"href":"https:\/\/encystyle.ro\/ro\/wp-json\/wp\/v2\/product"}],"about":[{"href":"https:\/\/encystyle.ro\/ro\/wp-json\/wp\/v2\/types\/product"}],"replies":[{"embeddable":true,"href":"https:\/\/encystyle.ro\/ro\/wp-json\/wp\/v2\/comments?post=470"}],"wp:featuredmedia":[{"embeddable":true,"href":"https:\/\/encystyle.ro\/ro\/wp-json\/wp\/v2\/media\/473"}],"wp:attachment":[{"href":"https:\/\/encystyle.ro\/ro\/wp-json\/wp\/v2\/media?parent=470"}],"wp:term":[{"taxonomy":"product_brand","embeddable":true,"href":"https:\/\/encystyle.ro\/ro\/wp-json\/wp\/v2\/product_brand?post=470"},{"taxonomy":"product_cat","embeddable":true,"href":"https:\/\/encystyle.ro\/ro\/wp-json\/wp\/v2\/product_cat?post=470"},{"taxonomy":"product_tag","embeddable":true,"href":"https:\/\/encystyle.ro\/ro\/wp-json\/wp\/v2\/product_tag?post=470"}],"curies":[{"name":"wp","href":"https:\/\/api.w.org\/{rel}","templated":true}]}}