{"id":475,"date":"2025-09-21T20:47:27","date_gmt":"2025-09-21T20:47:27","guid":{"rendered":"https:\/\/encystyle.ro\/?post_type=product&#038;p=475"},"modified":"2025-09-21T20:47:27","modified_gmt":"2025-09-21T20:47:27","slug":"pepita-belle-melleny","status":"publish","type":"product","link":"https:\/\/encystyle.ro\/ro\/product\/pepita-belle-melleny\/","title":{"rendered":"Pepita Belle \u2013 vest\u0103"},"content":{"rendered":"<p>Poate fi u\u0219or stratificat\u0103 peste o bluz\u0103 sau un top simplu, ad\u0103ug\u00e2nd un plus de rafinament fiec\u0103rei \u021binute.<\/p>\n<p>Croiala masculin\u0103 a vestei \u0219i linia conic\u0103 a pantalonilor reflect\u0103 exact at\u00e2ta for\u021b\u0103 \u0219i delicate\u021be c\u00e2te ai tu \u00een tine.\nAcest set nu este strident, dar nici invizibil.<br \/>\nEz a szett nem hars\u00e1ny, de nem is l\u00e1thatatlan.<\/p>","protected":false},"excerpt":{"rendered":"<p>Vesta Pepita Belle este o pies\u0103 atemporal\u0103, care eman\u0103 hot\u0103r\u00e2re, p\u0103str\u00e2nd \u00een acela\u0219i timp elegan\u021ba.<\/p>","protected":false},"featured_media":472,"comment_status":"open","ping_status":"closed","template":"","meta":{"_et_pb_use_builder":"","_et_pb_old_content":"","_et_gb_content_width":""},"product_brand":[],"product_cat":[27],"product_tag":[26,28,25],"class_list":{"0":"post-475","1":"product","2":"type-product","3":"status-publish","4":"has-post-thumbnail","6":"product_cat-melleny","7":"product_tag-belle","8":"product_tag-melleny","9":"product_tag-pepita","11":"first","12":"instock","13":"shipping-taxable","14":"purchasable","15":"product-type-simple"},"yoast_head":"<!-- This site is optimized with the Yoast SEO plugin v26.8 - https:\/\/yoast.com\/product\/yoast-seo-wordpress\/ -->\n<title>Pepita Belle Mell\u00e9ny - Encystyle<\/title>\n<meta name=\"robots\" content=\"index, follow, max-snippet:-1, max-image-preview:large, max-video-preview:-1\" \/>\n<link rel=\"canonical\" href=\"https:\/\/encystyle.ro\/ro\/product\/pepita-belle-melleny\/\" \/>\n<meta property=\"og:locale\" content=\"ro_RO\" \/>\n<meta property=\"og:type\" content=\"article\" \/>\n<meta property=\"og:title\" content=\"Pepita Belle Mell\u00e9ny - Encystyle\" \/>\n<meta property=\"og:description\" content=\"A Pepita Belle mell\u00e9ny id\u0151tlen darab, amely hat\u00e1rozotts\u00e1got sug\u00e1roz, mik\u00f6zben eleg\u00e1ns marad.\" \/>\n<meta property=\"og:url\" content=\"https:\/\/encystyle.ro\/ro\/product\/pepita-belle-melleny\/\" \/>\n<meta property=\"og:site_name\" content=\"Encystyle\" \/>\n<meta property=\"article:publisher\" content=\"https:\/\/www.facebook.com\/encystyle\" \/>\n<meta property=\"og:image\" content=\"https:\/\/encystyle.ro\/wp-content\/uploads\/2025\/09\/Encystyle-Prod02.webp\" \/>\n\t<meta property=\"og:image:width\" content=\"1066\" \/>\n\t<meta property=\"og:image:height\" content=\"1066\" \/>\n\t<meta property=\"og:image:type\" content=\"image\/webp\" \/>\n<meta name=\"twitter:card\" content=\"summary_large_image\" \/>\n<script type=\"application\/ld+json\" class=\"yoast-schema-graph\">{\"@context\":\"https:\/\/schema.org\",\"@graph\":[{\"@type\":\"WebPage\",\"@id\":\"https:\/\/encystyle.ro\/product\/pepita-belle-melleny\/\",\"url\":\"https:\/\/encystyle.ro\/product\/pepita-belle-melleny\/\",\"name\":\"Pepita Belle Mell\u00e9ny - Encystyle\",\"isPartOf\":{\"@id\":\"https:\/\/encystyle.ro\/#website\"},\"primaryImageOfPage\":{\"@id\":\"https:\/\/encystyle.ro\/product\/pepita-belle-melleny\/#primaryimage\"},\"image\":{\"@id\":\"https:\/\/encystyle.ro\/product\/pepita-belle-melleny\/#primaryimage\"},\"thumbnailUrl\":\"https:\/\/encystyle.ro\/wp-content\/uploads\/2025\/09\/Encystyle-Prod02.webp\",\"datePublished\":\"2025-09-21T20:47:27+00:00\",\"breadcrumb\":{\"@id\":\"https:\/\/encystyle.ro\/product\/pepita-belle-melleny\/#breadcrumb\"},\"inLanguage\":\"ro-RO\",\"potentialAction\":[{\"@type\":\"ReadAction\",\"target\":[\"https:\/\/encystyle.ro\/product\/pepita-belle-melleny\/\"]}]},{\"@type\":\"ImageObject\",\"inLanguage\":\"ro-RO\",\"@id\":\"https:\/\/encystyle.ro\/product\/pepita-belle-melleny\/#primaryimage\",\"url\":\"https:\/\/encystyle.ro\/wp-content\/uploads\/2025\/09\/Encystyle-Prod02.webp\",\"contentUrl\":\"https:\/\/encystyle.ro\/wp-content\/uploads\/2025\/09\/Encystyle-Prod02.webp\",\"width\":1066,\"height\":1066},{\"@type\":\"BreadcrumbList\",\"@id\":\"https:\/\/encystyle.ro\/product\/pepita-belle-melleny\/#breadcrumb\",\"itemListElement\":[{\"@type\":\"ListItem\",\"position\":1,\"name\":\"Kezd\u0151lap\",\"item\":\"https:\/\/encystyle.ro\/\"},{\"@type\":\"ListItem\",\"position\":2,\"name\":\"Shop\",\"item\":\"https:\/\/encystyle.ro\/shop\/\"},{\"@type\":\"ListItem\",\"position\":3,\"name\":\"Pepita Belle Mell\u00e9ny\"}]},{\"@type\":\"WebSite\",\"@id\":\"https:\/\/encystyle.ro\/#website\",\"url\":\"https:\/\/encystyle.ro\/\",\"name\":\"Encystyle\",\"description\":\"Sz\u00edn \u00e9s st\u00edlustan\u00e1csad\u00e1s\",\"publisher\":{\"@id\":\"https:\/\/encystyle.ro\/#organization\"},\"potentialAction\":[{\"@type\":\"SearchAction\",\"target\":{\"@type\":\"EntryPoint\",\"urlTemplate\":\"https:\/\/encystyle.ro\/?s={search_term_string}\"},\"query-input\":{\"@type\":\"PropertyValueSpecification\",\"valueRequired\":true,\"valueName\":\"search_term_string\"}}],\"inLanguage\":\"ro-RO\"},{\"@type\":\"Organization\",\"@id\":\"https:\/\/encystyle.ro\/#organization\",\"name\":\"Encystyle\",\"url\":\"https:\/\/encystyle.ro\/\",\"logo\":{\"@type\":\"ImageObject\",\"inLanguage\":\"ro-RO\",\"@id\":\"https:\/\/encystyle.ro\/#\/schema\/logo\/image\/\",\"url\":\"https:\/\/encystyle.ro\/wp-content\/uploads\/2022\/07\/Main-logo.png\",\"contentUrl\":\"https:\/\/encystyle.ro\/wp-content\/uploads\/2022\/07\/Main-logo.png\",\"width\":438,\"height\":311,\"caption\":\"Encystyle\"},\"image\":{\"@id\":\"https:\/\/encystyle.ro\/#\/schema\/logo\/image\/\"},\"sameAs\":[\"https:\/\/www.facebook.com\/encystyle\"]}]}<\/script>\n<!-- \/ Yoast SEO plugin. -->","yoast_head_json":{"title":"Pepita Belle Mell\u00e9ny - Encystyle","robots":{"index":"index","follow":"follow","max-snippet":"max-snippet:-1","max-image-preview":"max-image-preview:large","max-video-preview":"max-video-preview:-1"},"canonical":"https:\/\/encystyle.ro\/ro\/product\/pepita-belle-melleny\/","og_locale":"ro_RO","og_type":"article","og_title":"Pepita Belle Mell\u00e9ny - Encystyle","og_description":"A Pepita Belle mell\u00e9ny id\u0151tlen darab, amely hat\u00e1rozotts\u00e1got sug\u00e1roz, mik\u00f6zben eleg\u00e1ns marad.","og_url":"https:\/\/encystyle.ro\/ro\/product\/pepita-belle-melleny\/","og_site_name":"Encystyle","article_publisher":"https:\/\/www.facebook.com\/encystyle","og_image":[{"width":1066,"height":1066,"url":"https:\/\/encystyle.ro\/wp-content\/uploads\/2025\/09\/Encystyle-Prod02.webp","type":"image\/webp"}],"twitter_card":"summary_large_image","schema":{"@context":"https:\/\/schema.org","@graph":[{"@type":"WebPage","@id":"https:\/\/encystyle.ro\/product\/pepita-belle-melleny\/","url":"https:\/\/encystyle.ro\/product\/pepita-belle-melleny\/","name":"Pepita Belle Mell\u00e9ny - Encystyle","isPartOf":{"@id":"https:\/\/encystyle.ro\/#website"},"primaryImageOfPage":{"@id":"https:\/\/encystyle.ro\/product\/pepita-belle-melleny\/#primaryimage"},"image":{"@id":"https:\/\/encystyle.ro\/product\/pepita-belle-melleny\/#primaryimage"},"thumbnailUrl":"https:\/\/encystyle.ro\/wp-content\/uploads\/2025\/09\/Encystyle-Prod02.webp","datePublished":"2025-09-21T20:47:27+00:00","breadcrumb":{"@id":"https:\/\/encystyle.ro\/product\/pepita-belle-melleny\/#breadcrumb"},"inLanguage":"ro-RO","potentialAction":[{"@type":"ReadAction","target":["https:\/\/encystyle.ro\/product\/pepita-belle-melleny\/"]}]},{"@type":"ImageObject","inLanguage":"ro-RO","@id":"https:\/\/encystyle.ro\/product\/pepita-belle-melleny\/#primaryimage","url":"https:\/\/encystyle.ro\/wp-content\/uploads\/2025\/09\/Encystyle-Prod02.webp","contentUrl":"https:\/\/encystyle.ro\/wp-content\/uploads\/2025\/09\/Encystyle-Prod02.webp","width":1066,"height":1066},{"@type":"BreadcrumbList","@id":"https:\/\/encystyle.ro\/product\/pepita-belle-melleny\/#breadcrumb","itemListElement":[{"@type":"ListItem","position":1,"name":"Kezd\u0151lap","item":"https:\/\/encystyle.ro\/"},{"@type":"ListItem","position":2,"name":"Shop","item":"https:\/\/encystyle.ro\/shop\/"},{"@type":"ListItem","position":3,"name":"Pepita Belle Mell\u00e9ny"}]},{"@type":"WebSite","@id":"https:\/\/encystyle.ro\/#website","url":"https:\/\/encystyle.ro\/","name":"Encystyle","description":"Sz\u00edn \u00e9s st\u00edlustan\u00e1csad\u00e1s","publisher":{"@id":"https:\/\/encystyle.ro\/#organization"},"potentialAction":[{"@type":"SearchAction","target":{"@type":"EntryPoint","urlTemplate":"https:\/\/encystyle.ro\/?s={search_term_string}"},"query-input":{"@type":"PropertyValueSpecification","valueRequired":true,"valueName":"search_term_string"}}],"inLanguage":"ro-RO"},{"@type":"Organization","@id":"https:\/\/encystyle.ro\/#organization","name":"Encystyle","url":"https:\/\/encystyle.ro\/","logo":{"@type":"ImageObject","inLanguage":"ro-RO","@id":"https:\/\/encystyle.ro\/#\/schema\/logo\/image\/","url":"https:\/\/encystyle.ro\/wp-content\/uploads\/2022\/07\/Main-logo.png","contentUrl":"https:\/\/encystyle.ro\/wp-content\/uploads\/2022\/07\/Main-logo.png","width":438,"height":311,"caption":"Encystyle"},"image":{"@id":"https:\/\/encystyle.ro\/#\/schema\/logo\/image\/"},"sameAs":["https:\/\/www.facebook.com\/encystyle"]}]}},"_links":{"self":[{"href":"https:\/\/encystyle.ro\/ro\/wp-json\/wp\/v2\/product\/475","targetHints":{"allow":["GET"]}}],"collection":[{"href":"https:\/\/encystyle.ro\/ro\/wp-json\/wp\/v2\/product"}],"about":[{"href":"https:\/\/encystyle.ro\/ro\/wp-json\/wp\/v2\/types\/product"}],"replies":[{"embeddable":true,"href":"https:\/\/encystyle.ro\/ro\/wp-json\/wp\/v2\/comments?post=475"}],"wp:featuredmedia":[{"embeddable":true,"href":"https:\/\/encystyle.ro\/ro\/wp-json\/wp\/v2\/media\/472"}],"wp:attachment":[{"href":"https:\/\/encystyle.ro\/ro\/wp-json\/wp\/v2\/media?parent=475"}],"wp:term":[{"taxonomy":"product_brand","embeddable":true,"href":"https:\/\/encystyle.ro\/ro\/wp-json\/wp\/v2\/product_brand?post=475"},{"taxonomy":"product_cat","embeddable":true,"href":"https:\/\/encystyle.ro\/ro\/wp-json\/wp\/v2\/product_cat?post=475"},{"taxonomy":"product_tag","embeddable":true,"href":"https:\/\/encystyle.ro\/ro\/wp-json\/wp\/v2\/product_tag?post=475"}],"curies":[{"name":"wp","href":"https:\/\/api.w.org\/{rel}","templated":true}]}}