{"id":477,"date":"2025-09-21T21:05:43","date_gmt":"2025-09-21T21:05:43","guid":{"rendered":"https:\/\/encystyle.ro\/?post_type=product&#038;p=477"},"modified":"2025-09-21T21:05:43","modified_gmt":"2025-09-21T21:05:43","slug":"pepita-belle-miniruha","status":"publish","type":"product","link":"https:\/\/encystyle.ro\/ro\/product\/pepita-belle-miniruha\/","title":{"rendered":"Pepita Belle \u2013 rochie scurt\u0103"},"content":{"rendered":"<p data-start=\"173\" data-end=\"421\">Elegan\u021b\u0103 care se adapteaz\u0103 stilului t\u0103u.<br data-start=\"204\" data-end=\"207\" \/>Rochia scurt\u0103 Pepita Belle, cu model pepita alb-negru \u0219i talie conic\u0103, te \u00eenv\u0103luie delicat, oferind \u00een acela\u0219i timp libertate de mi\u0219care \u0219i confort. Lejer\u0103, feminin\u0103 \u0219i \u00eencrez\u0103toare \u2013 exact a\u0219a cum e\u0219ti tu.<\/p>\n<p data-start=\"423\" data-end=\"535\">\ud83e\udd0d Poart-o la \u00eent\u00e2lniri de afaceri, cocktailuri sau plimb\u0103ri elegante prin ora\u0219 \u2013 se potrive\u0219te perfect \u00een orice context.<\/p>\n<p data-start=\"537\" data-end=\"594\">Aceast\u0103 rochie nu este strident\u0103, dar imposibil de trecut neobservat\u0103.<\/p>\n<p data-start=\"596\" data-end=\"681\">Disponibil\u0103 \u00een orice culoare \u2013 te ajut s\u0103 alegi nuan\u021ba perfect\u0103. Dup\u0103 comand\u0103, rochia va fi personalizat\u0103 pe m\u0103sura ta.<\/p>","protected":false},"excerpt":{"rendered":"<p>Lejer\u0103, feminin\u0103 \u0219i \u00eencrez\u0103toare \u2013 exact a\u0219a cum e\u0219ti tu.<\/p>","protected":false},"featured_media":478,"comment_status":"open","ping_status":"closed","template":"","meta":{"_et_pb_use_builder":"","_et_pb_old_content":"","_et_gb_content_width":""},"product_brand":[],"product_cat":[30],"product_tag":[26,31,25],"class_list":{"0":"post-477","1":"product","2":"type-product","3":"status-publish","4":"has-post-thumbnail","6":"product_cat-miniruha","7":"product_tag-belle","8":"product_tag-miniruha","9":"product_tag-pepita","11":"first","12":"instock","13":"shipping-taxable","14":"purchasable","15":"product-type-simple"},"yoast_head":"<!-- This site is optimized with the Yoast SEO plugin v26.8 - https:\/\/yoast.com\/product\/yoast-seo-wordpress\/ -->\n<title>Pepita Belle Miniruha - Encystyle<\/title>\n<meta name=\"robots\" content=\"index, follow, max-snippet:-1, max-image-preview:large, max-video-preview:-1\" \/>\n<link rel=\"canonical\" href=\"https:\/\/encystyle.ro\/ro\/product\/pepita-belle-miniruha\/\" \/>\n<meta property=\"og:locale\" content=\"ro_RO\" \/>\n<meta property=\"og:type\" content=\"article\" \/>\n<meta property=\"og:title\" content=\"Pepita Belle Miniruha - Encystyle\" \/>\n<meta property=\"og:description\" content=\"K\u00f6nnyed, n\u0151ies \u00e9s magabiztos \u2013 pontosan olyan, amilyen te vagy.\" \/>\n<meta property=\"og:url\" content=\"https:\/\/encystyle.ro\/ro\/product\/pepita-belle-miniruha\/\" \/>\n<meta property=\"og:site_name\" content=\"Encystyle\" \/>\n<meta property=\"article:publisher\" content=\"https:\/\/www.facebook.com\/encystyle\" \/>\n<meta property=\"og:image\" content=\"https:\/\/encystyle.ro\/wp-content\/uploads\/2025\/09\/Encystyle-v2-01.webp\" \/>\n\t<meta property=\"og:image:width\" content=\"1066\" \/>\n\t<meta property=\"og:image:height\" content=\"1066\" \/>\n\t<meta property=\"og:image:type\" content=\"image\/webp\" \/>\n<meta name=\"twitter:card\" content=\"summary_large_image\" \/>\n<meta name=\"twitter:label1\" content=\"Timp estimat pentru citire\" \/>\n\t<meta name=\"twitter:data1\" content=\"1 minut\" \/>\n<script type=\"application\/ld+json\" class=\"yoast-schema-graph\">{\"@context\":\"https:\/\/schema.org\",\"@graph\":[{\"@type\":\"WebPage\",\"@id\":\"https:\/\/encystyle.ro\/product\/pepita-belle-miniruha\/\",\"url\":\"https:\/\/encystyle.ro\/product\/pepita-belle-miniruha\/\",\"name\":\"Pepita Belle Miniruha - Encystyle\",\"isPartOf\":{\"@id\":\"https:\/\/encystyle.ro\/#website\"},\"primaryImageOfPage\":{\"@id\":\"https:\/\/encystyle.ro\/product\/pepita-belle-miniruha\/#primaryimage\"},\"image\":{\"@id\":\"https:\/\/encystyle.ro\/product\/pepita-belle-miniruha\/#primaryimage\"},\"thumbnailUrl\":\"https:\/\/encystyle.ro\/wp-content\/uploads\/2025\/09\/Encystyle-v2-01.webp\",\"datePublished\":\"2025-09-21T21:05:43+00:00\",\"breadcrumb\":{\"@id\":\"https:\/\/encystyle.ro\/product\/pepita-belle-miniruha\/#breadcrumb\"},\"inLanguage\":\"ro-RO\",\"potentialAction\":[{\"@type\":\"ReadAction\",\"target\":[\"https:\/\/encystyle.ro\/product\/pepita-belle-miniruha\/\"]}]},{\"@type\":\"ImageObject\",\"inLanguage\":\"ro-RO\",\"@id\":\"https:\/\/encystyle.ro\/product\/pepita-belle-miniruha\/#primaryimage\",\"url\":\"https:\/\/encystyle.ro\/wp-content\/uploads\/2025\/09\/Encystyle-v2-01.webp\",\"contentUrl\":\"https:\/\/encystyle.ro\/wp-content\/uploads\/2025\/09\/Encystyle-v2-01.webp\",\"width\":1066,\"height\":1066},{\"@type\":\"BreadcrumbList\",\"@id\":\"https:\/\/encystyle.ro\/product\/pepita-belle-miniruha\/#breadcrumb\",\"itemListElement\":[{\"@type\":\"ListItem\",\"position\":1,\"name\":\"Kezd\u0151lap\",\"item\":\"https:\/\/encystyle.ro\/\"},{\"@type\":\"ListItem\",\"position\":2,\"name\":\"Shop\",\"item\":\"https:\/\/encystyle.ro\/shop\/\"},{\"@type\":\"ListItem\",\"position\":3,\"name\":\"Pepita Belle Miniruha\"}]},{\"@type\":\"WebSite\",\"@id\":\"https:\/\/encystyle.ro\/#website\",\"url\":\"https:\/\/encystyle.ro\/\",\"name\":\"Encystyle\",\"description\":\"Sz\u00edn \u00e9s st\u00edlustan\u00e1csad\u00e1s\",\"publisher\":{\"@id\":\"https:\/\/encystyle.ro\/#organization\"},\"potentialAction\":[{\"@type\":\"SearchAction\",\"target\":{\"@type\":\"EntryPoint\",\"urlTemplate\":\"https:\/\/encystyle.ro\/?s={search_term_string}\"},\"query-input\":{\"@type\":\"PropertyValueSpecification\",\"valueRequired\":true,\"valueName\":\"search_term_string\"}}],\"inLanguage\":\"ro-RO\"},{\"@type\":\"Organization\",\"@id\":\"https:\/\/encystyle.ro\/#organization\",\"name\":\"Encystyle\",\"url\":\"https:\/\/encystyle.ro\/\",\"logo\":{\"@type\":\"ImageObject\",\"inLanguage\":\"ro-RO\",\"@id\":\"https:\/\/encystyle.ro\/#\/schema\/logo\/image\/\",\"url\":\"https:\/\/encystyle.ro\/wp-content\/uploads\/2022\/07\/Main-logo.png\",\"contentUrl\":\"https:\/\/encystyle.ro\/wp-content\/uploads\/2022\/07\/Main-logo.png\",\"width\":438,\"height\":311,\"caption\":\"Encystyle\"},\"image\":{\"@id\":\"https:\/\/encystyle.ro\/#\/schema\/logo\/image\/\"},\"sameAs\":[\"https:\/\/www.facebook.com\/encystyle\"]}]}<\/script>\n<!-- \/ Yoast SEO plugin. -->","yoast_head_json":{"title":"Pepita Belle Miniruha - Encystyle","robots":{"index":"index","follow":"follow","max-snippet":"max-snippet:-1","max-image-preview":"max-image-preview:large","max-video-preview":"max-video-preview:-1"},"canonical":"https:\/\/encystyle.ro\/ro\/product\/pepita-belle-miniruha\/","og_locale":"ro_RO","og_type":"article","og_title":"Pepita Belle Miniruha - Encystyle","og_description":"K\u00f6nnyed, n\u0151ies \u00e9s magabiztos \u2013 pontosan olyan, amilyen te vagy.","og_url":"https:\/\/encystyle.ro\/ro\/product\/pepita-belle-miniruha\/","og_site_name":"Encystyle","article_publisher":"https:\/\/www.facebook.com\/encystyle","og_image":[{"width":1066,"height":1066,"url":"https:\/\/encystyle.ro\/wp-content\/uploads\/2025\/09\/Encystyle-v2-01.webp","type":"image\/webp"}],"twitter_card":"summary_large_image","twitter_misc":{"Timp estimat pentru citire":"1 minut"},"schema":{"@context":"https:\/\/schema.org","@graph":[{"@type":"WebPage","@id":"https:\/\/encystyle.ro\/product\/pepita-belle-miniruha\/","url":"https:\/\/encystyle.ro\/product\/pepita-belle-miniruha\/","name":"Pepita Belle Miniruha - Encystyle","isPartOf":{"@id":"https:\/\/encystyle.ro\/#website"},"primaryImageOfPage":{"@id":"https:\/\/encystyle.ro\/product\/pepita-belle-miniruha\/#primaryimage"},"image":{"@id":"https:\/\/encystyle.ro\/product\/pepita-belle-miniruha\/#primaryimage"},"thumbnailUrl":"https:\/\/encystyle.ro\/wp-content\/uploads\/2025\/09\/Encystyle-v2-01.webp","datePublished":"2025-09-21T21:05:43+00:00","breadcrumb":{"@id":"https:\/\/encystyle.ro\/product\/pepita-belle-miniruha\/#breadcrumb"},"inLanguage":"ro-RO","potentialAction":[{"@type":"ReadAction","target":["https:\/\/encystyle.ro\/product\/pepita-belle-miniruha\/"]}]},{"@type":"ImageObject","inLanguage":"ro-RO","@id":"https:\/\/encystyle.ro\/product\/pepita-belle-miniruha\/#primaryimage","url":"https:\/\/encystyle.ro\/wp-content\/uploads\/2025\/09\/Encystyle-v2-01.webp","contentUrl":"https:\/\/encystyle.ro\/wp-content\/uploads\/2025\/09\/Encystyle-v2-01.webp","width":1066,"height":1066},{"@type":"BreadcrumbList","@id":"https:\/\/encystyle.ro\/product\/pepita-belle-miniruha\/#breadcrumb","itemListElement":[{"@type":"ListItem","position":1,"name":"Kezd\u0151lap","item":"https:\/\/encystyle.ro\/"},{"@type":"ListItem","position":2,"name":"Shop","item":"https:\/\/encystyle.ro\/shop\/"},{"@type":"ListItem","position":3,"name":"Pepita Belle Miniruha"}]},{"@type":"WebSite","@id":"https:\/\/encystyle.ro\/#website","url":"https:\/\/encystyle.ro\/","name":"Encystyle","description":"Sz\u00edn \u00e9s st\u00edlustan\u00e1csad\u00e1s","publisher":{"@id":"https:\/\/encystyle.ro\/#organization"},"potentialAction":[{"@type":"SearchAction","target":{"@type":"EntryPoint","urlTemplate":"https:\/\/encystyle.ro\/?s={search_term_string}"},"query-input":{"@type":"PropertyValueSpecification","valueRequired":true,"valueName":"search_term_string"}}],"inLanguage":"ro-RO"},{"@type":"Organization","@id":"https:\/\/encystyle.ro\/#organization","name":"Encystyle","url":"https:\/\/encystyle.ro\/","logo":{"@type":"ImageObject","inLanguage":"ro-RO","@id":"https:\/\/encystyle.ro\/#\/schema\/logo\/image\/","url":"https:\/\/encystyle.ro\/wp-content\/uploads\/2022\/07\/Main-logo.png","contentUrl":"https:\/\/encystyle.ro\/wp-content\/uploads\/2022\/07\/Main-logo.png","width":438,"height":311,"caption":"Encystyle"},"image":{"@id":"https:\/\/encystyle.ro\/#\/schema\/logo\/image\/"},"sameAs":["https:\/\/www.facebook.com\/encystyle"]}]}},"_links":{"self":[{"href":"https:\/\/encystyle.ro\/ro\/wp-json\/wp\/v2\/product\/477","targetHints":{"allow":["GET"]}}],"collection":[{"href":"https:\/\/encystyle.ro\/ro\/wp-json\/wp\/v2\/product"}],"about":[{"href":"https:\/\/encystyle.ro\/ro\/wp-json\/wp\/v2\/types\/product"}],"replies":[{"embeddable":true,"href":"https:\/\/encystyle.ro\/ro\/wp-json\/wp\/v2\/comments?post=477"}],"wp:featuredmedia":[{"embeddable":true,"href":"https:\/\/encystyle.ro\/ro\/wp-json\/wp\/v2\/media\/478"}],"wp:attachment":[{"href":"https:\/\/encystyle.ro\/ro\/wp-json\/wp\/v2\/media?parent=477"}],"wp:term":[{"taxonomy":"product_brand","embeddable":true,"href":"https:\/\/encystyle.ro\/ro\/wp-json\/wp\/v2\/product_brand?post=477"},{"taxonomy":"product_cat","embeddable":true,"href":"https:\/\/encystyle.ro\/ro\/wp-json\/wp\/v2\/product_cat?post=477"},{"taxonomy":"product_tag","embeddable":true,"href":"https:\/\/encystyle.ro\/ro\/wp-json\/wp\/v2\/product_tag?post=477"}],"curies":[{"name":"wp","href":"https:\/\/api.w.org\/{rel}","templated":true}]}}