{"id":485,"date":"2025-09-21T21:20:39","date_gmt":"2025-09-21T21:20:39","guid":{"rendered":"https:\/\/encystyle.ro\/?post_type=product&#038;p=485"},"modified":"2025-09-21T21:33:14","modified_gmt":"2025-09-21T21:33:14","slug":"aphrodite-mini-csavaros-szoknya","status":"publish","type":"product","link":"https:\/\/encystyle.ro\/ro\/product\/aphrodite-mini-csavaros-szoknya\/","title":{"rendered":"Aphrodite Mini \u2013 fust\u0103 scurt\u0103 r\u0103sucit\u0103"},"content":{"rendered":"<p>Aphrodite \u2013 fust\u0103 scurt\u0103 r\u0103sucit\u0103 \u00een talie<\/p>\n<p>Proasp\u0103t\u0103, juc\u0103u\u0219\u0103 \u0219i feminin\u0103. Imprimeul alb pe fond albastru-alb evoc\u0103 o atmosfer\u0103 mediteranean\u0103 plin\u0103 de prospe\u021bime, iar r\u0103sucirea de la talie contureaz\u0103 delicat silueta. Perfect\u0103 pentru activit\u0103\u021bi de zi, plimb\u0103ri lejere prin ora\u0219 sau o \u00eent\u00e2lnire elegant\u0103 la cafenea.<\/p>","protected":false},"excerpt":{"rendered":"<p>Aphrodite \u2013 fust\u0103 scurt\u0103 r\u0103sucit\u0103 \u00een talie<\/p>","protected":false},"featured_media":486,"comment_status":"open","ping_status":"closed","template":"","meta":{"_et_pb_use_builder":"","_et_pb_old_content":"","_et_gb_content_width":""},"product_brand":[],"product_cat":[32],"product_tag":[34,38,36,40,39,33],"class_list":{"0":"post-485","1":"product","2":"type-product","3":"status-publish","4":"has-post-thumbnail","6":"product_cat-szoknya","7":"product_tag-aphrodite","8":"product_tag-csavaros","9":"product_tag-mediterran","10":"product_tag-mini","11":"product_tag-miniszoknya","12":"product_tag-szoknya","14":"first","15":"instock","16":"shipping-taxable","17":"purchasable","18":"product-type-simple"},"yoast_head":"<!-- This site is optimized with the Yoast SEO plugin v26.8 - https:\/\/yoast.com\/product\/yoast-seo-wordpress\/ -->\n<title>Aphrodite mini, csavaros szoknya - Encystyle<\/title>\n<meta name=\"robots\" content=\"index, follow, max-snippet:-1, max-image-preview:large, max-video-preview:-1\" \/>\n<link rel=\"canonical\" href=\"https:\/\/encystyle.ro\/ro\/product\/aphrodite-mini-csavaros-szoknya\/\" \/>\n<meta property=\"og:locale\" content=\"ro_RO\" \/>\n<meta property=\"og:type\" content=\"article\" \/>\n<meta property=\"og:title\" content=\"Aphrodite mini, csavaros szoknya - Encystyle\" \/>\n<meta property=\"og:description\" content=\"Aphrodite r\u00f6vid, der\u00e9kn\u00e1l csavaros szoknya.\" \/>\n<meta property=\"og:url\" content=\"https:\/\/encystyle.ro\/ro\/product\/aphrodite-mini-csavaros-szoknya\/\" \/>\n<meta property=\"og:site_name\" content=\"Encystyle\" \/>\n<meta property=\"article:publisher\" content=\"https:\/\/www.facebook.com\/encystyle\" \/>\n<meta property=\"article:modified_time\" content=\"2025-09-21T21:33:14+00:00\" \/>\n<meta property=\"og:image\" content=\"https:\/\/encystyle.ro\/wp-content\/uploads\/2025\/09\/Encystyle-v3-04.webp\" \/>\n\t<meta property=\"og:image:width\" content=\"1066\" \/>\n\t<meta property=\"og:image:height\" content=\"1066\" \/>\n\t<meta property=\"og:image:type\" content=\"image\/webp\" \/>\n<meta name=\"twitter:card\" content=\"summary_large_image\" \/>\n<script type=\"application\/ld+json\" class=\"yoast-schema-graph\">{\"@context\":\"https:\/\/schema.org\",\"@graph\":[{\"@type\":\"WebPage\",\"@id\":\"https:\/\/encystyle.ro\/product\/aphrodite-mini-csavaros-szoknya\/\",\"url\":\"https:\/\/encystyle.ro\/product\/aphrodite-mini-csavaros-szoknya\/\",\"name\":\"Aphrodite mini, csavaros szoknya - Encystyle\",\"isPartOf\":{\"@id\":\"https:\/\/encystyle.ro\/#website\"},\"primaryImageOfPage\":{\"@id\":\"https:\/\/encystyle.ro\/product\/aphrodite-mini-csavaros-szoknya\/#primaryimage\"},\"image\":{\"@id\":\"https:\/\/encystyle.ro\/product\/aphrodite-mini-csavaros-szoknya\/#primaryimage\"},\"thumbnailUrl\":\"https:\/\/encystyle.ro\/wp-content\/uploads\/2025\/09\/Encystyle-v3-04.webp\",\"datePublished\":\"2025-09-21T21:20:39+00:00\",\"dateModified\":\"2025-09-21T21:33:14+00:00\",\"breadcrumb\":{\"@id\":\"https:\/\/encystyle.ro\/product\/aphrodite-mini-csavaros-szoknya\/#breadcrumb\"},\"inLanguage\":\"ro-RO\",\"potentialAction\":[{\"@type\":\"ReadAction\",\"target\":[\"https:\/\/encystyle.ro\/product\/aphrodite-mini-csavaros-szoknya\/\"]}]},{\"@type\":\"ImageObject\",\"inLanguage\":\"ro-RO\",\"@id\":\"https:\/\/encystyle.ro\/product\/aphrodite-mini-csavaros-szoknya\/#primaryimage\",\"url\":\"https:\/\/encystyle.ro\/wp-content\/uploads\/2025\/09\/Encystyle-v3-04.webp\",\"contentUrl\":\"https:\/\/encystyle.ro\/wp-content\/uploads\/2025\/09\/Encystyle-v3-04.webp\",\"width\":1066,\"height\":1066},{\"@type\":\"BreadcrumbList\",\"@id\":\"https:\/\/encystyle.ro\/product\/aphrodite-mini-csavaros-szoknya\/#breadcrumb\",\"itemListElement\":[{\"@type\":\"ListItem\",\"position\":1,\"name\":\"Kezd\u0151lap\",\"item\":\"https:\/\/encystyle.ro\/\"},{\"@type\":\"ListItem\",\"position\":2,\"name\":\"Shop\",\"item\":\"https:\/\/encystyle.ro\/shop\/\"},{\"@type\":\"ListItem\",\"position\":3,\"name\":\"Aphrodite mini, csavaros szoknya\"}]},{\"@type\":\"WebSite\",\"@id\":\"https:\/\/encystyle.ro\/#website\",\"url\":\"https:\/\/encystyle.ro\/\",\"name\":\"Encystyle\",\"description\":\"Sz\u00edn \u00e9s st\u00edlustan\u00e1csad\u00e1s\",\"publisher\":{\"@id\":\"https:\/\/encystyle.ro\/#organization\"},\"potentialAction\":[{\"@type\":\"SearchAction\",\"target\":{\"@type\":\"EntryPoint\",\"urlTemplate\":\"https:\/\/encystyle.ro\/?s={search_term_string}\"},\"query-input\":{\"@type\":\"PropertyValueSpecification\",\"valueRequired\":true,\"valueName\":\"search_term_string\"}}],\"inLanguage\":\"ro-RO\"},{\"@type\":\"Organization\",\"@id\":\"https:\/\/encystyle.ro\/#organization\",\"name\":\"Encystyle\",\"url\":\"https:\/\/encystyle.ro\/\",\"logo\":{\"@type\":\"ImageObject\",\"inLanguage\":\"ro-RO\",\"@id\":\"https:\/\/encystyle.ro\/#\/schema\/logo\/image\/\",\"url\":\"https:\/\/encystyle.ro\/wp-content\/uploads\/2022\/07\/Main-logo.png\",\"contentUrl\":\"https:\/\/encystyle.ro\/wp-content\/uploads\/2022\/07\/Main-logo.png\",\"width\":438,\"height\":311,\"caption\":\"Encystyle\"},\"image\":{\"@id\":\"https:\/\/encystyle.ro\/#\/schema\/logo\/image\/\"},\"sameAs\":[\"https:\/\/www.facebook.com\/encystyle\"]}]}<\/script>\n<!-- \/ Yoast SEO plugin. -->","yoast_head_json":{"title":"Aphrodite mini, csavaros szoknya - Encystyle","robots":{"index":"index","follow":"follow","max-snippet":"max-snippet:-1","max-image-preview":"max-image-preview:large","max-video-preview":"max-video-preview:-1"},"canonical":"https:\/\/encystyle.ro\/ro\/product\/aphrodite-mini-csavaros-szoknya\/","og_locale":"ro_RO","og_type":"article","og_title":"Aphrodite mini, csavaros szoknya - Encystyle","og_description":"Aphrodite r\u00f6vid, der\u00e9kn\u00e1l csavaros szoknya.","og_url":"https:\/\/encystyle.ro\/ro\/product\/aphrodite-mini-csavaros-szoknya\/","og_site_name":"Encystyle","article_publisher":"https:\/\/www.facebook.com\/encystyle","article_modified_time":"2025-09-21T21:33:14+00:00","og_image":[{"width":1066,"height":1066,"url":"https:\/\/encystyle.ro\/wp-content\/uploads\/2025\/09\/Encystyle-v3-04.webp","type":"image\/webp"}],"twitter_card":"summary_large_image","schema":{"@context":"https:\/\/schema.org","@graph":[{"@type":"WebPage","@id":"https:\/\/encystyle.ro\/product\/aphrodite-mini-csavaros-szoknya\/","url":"https:\/\/encystyle.ro\/product\/aphrodite-mini-csavaros-szoknya\/","name":"Aphrodite mini, csavaros szoknya - Encystyle","isPartOf":{"@id":"https:\/\/encystyle.ro\/#website"},"primaryImageOfPage":{"@id":"https:\/\/encystyle.ro\/product\/aphrodite-mini-csavaros-szoknya\/#primaryimage"},"image":{"@id":"https:\/\/encystyle.ro\/product\/aphrodite-mini-csavaros-szoknya\/#primaryimage"},"thumbnailUrl":"https:\/\/encystyle.ro\/wp-content\/uploads\/2025\/09\/Encystyle-v3-04.webp","datePublished":"2025-09-21T21:20:39+00:00","dateModified":"2025-09-21T21:33:14+00:00","breadcrumb":{"@id":"https:\/\/encystyle.ro\/product\/aphrodite-mini-csavaros-szoknya\/#breadcrumb"},"inLanguage":"ro-RO","potentialAction":[{"@type":"ReadAction","target":["https:\/\/encystyle.ro\/product\/aphrodite-mini-csavaros-szoknya\/"]}]},{"@type":"ImageObject","inLanguage":"ro-RO","@id":"https:\/\/encystyle.ro\/product\/aphrodite-mini-csavaros-szoknya\/#primaryimage","url":"https:\/\/encystyle.ro\/wp-content\/uploads\/2025\/09\/Encystyle-v3-04.webp","contentUrl":"https:\/\/encystyle.ro\/wp-content\/uploads\/2025\/09\/Encystyle-v3-04.webp","width":1066,"height":1066},{"@type":"BreadcrumbList","@id":"https:\/\/encystyle.ro\/product\/aphrodite-mini-csavaros-szoknya\/#breadcrumb","itemListElement":[{"@type":"ListItem","position":1,"name":"Kezd\u0151lap","item":"https:\/\/encystyle.ro\/"},{"@type":"ListItem","position":2,"name":"Shop","item":"https:\/\/encystyle.ro\/shop\/"},{"@type":"ListItem","position":3,"name":"Aphrodite mini, csavaros szoknya"}]},{"@type":"WebSite","@id":"https:\/\/encystyle.ro\/#website","url":"https:\/\/encystyle.ro\/","name":"Encystyle","description":"Sz\u00edn \u00e9s st\u00edlustan\u00e1csad\u00e1s","publisher":{"@id":"https:\/\/encystyle.ro\/#organization"},"potentialAction":[{"@type":"SearchAction","target":{"@type":"EntryPoint","urlTemplate":"https:\/\/encystyle.ro\/?s={search_term_string}"},"query-input":{"@type":"PropertyValueSpecification","valueRequired":true,"valueName":"search_term_string"}}],"inLanguage":"ro-RO"},{"@type":"Organization","@id":"https:\/\/encystyle.ro\/#organization","name":"Encystyle","url":"https:\/\/encystyle.ro\/","logo":{"@type":"ImageObject","inLanguage":"ro-RO","@id":"https:\/\/encystyle.ro\/#\/schema\/logo\/image\/","url":"https:\/\/encystyle.ro\/wp-content\/uploads\/2022\/07\/Main-logo.png","contentUrl":"https:\/\/encystyle.ro\/wp-content\/uploads\/2022\/07\/Main-logo.png","width":438,"height":311,"caption":"Encystyle"},"image":{"@id":"https:\/\/encystyle.ro\/#\/schema\/logo\/image\/"},"sameAs":["https:\/\/www.facebook.com\/encystyle"]}]}},"_links":{"self":[{"href":"https:\/\/encystyle.ro\/ro\/wp-json\/wp\/v2\/product\/485","targetHints":{"allow":["GET"]}}],"collection":[{"href":"https:\/\/encystyle.ro\/ro\/wp-json\/wp\/v2\/product"}],"about":[{"href":"https:\/\/encystyle.ro\/ro\/wp-json\/wp\/v2\/types\/product"}],"replies":[{"embeddable":true,"href":"https:\/\/encystyle.ro\/ro\/wp-json\/wp\/v2\/comments?post=485"}],"wp:featuredmedia":[{"embeddable":true,"href":"https:\/\/encystyle.ro\/ro\/wp-json\/wp\/v2\/media\/486"}],"wp:attachment":[{"href":"https:\/\/encystyle.ro\/ro\/wp-json\/wp\/v2\/media?parent=485"}],"wp:term":[{"taxonomy":"product_brand","embeddable":true,"href":"https:\/\/encystyle.ro\/ro\/wp-json\/wp\/v2\/product_brand?post=485"},{"taxonomy":"product_cat","embeddable":true,"href":"https:\/\/encystyle.ro\/ro\/wp-json\/wp\/v2\/product_cat?post=485"},{"taxonomy":"product_tag","embeddable":true,"href":"https:\/\/encystyle.ro\/ro\/wp-json\/wp\/v2\/product_tag?post=485"}],"curies":[{"name":"wp","href":"https:\/\/api.w.org\/{rel}","templated":true}]}}