{"id":489,"date":"2025-09-21T21:32:54","date_gmt":"2025-09-21T21:32:54","guid":{"rendered":"https:\/\/encystyle.ro\/?post_type=product&#038;p=489"},"modified":"2025-09-21T21:32:54","modified_gmt":"2025-09-21T21:32:54","slug":"milano-twist-hosszu-csavaros-szoknya","status":"publish","type":"product","link":"https:\/\/encystyle.ro\/ro\/product\/milano-twist-hosszu-csavaros-szoknya\/","title":{"rendered":"Milano Twist \u2013 fust\u0103 lung\u0103 r\u0103sucit\u0103"},"content":{"rendered":"<p>Milano Twist \u2013 fust\u0103 lung\u0103 r\u0103sucit\u0103<\/p>\n<p>Esen\u021ba stilului urban italian. Modelul \u00een carouri alb-negru \u0219i r\u0103sucirea delicat\u0103 din zona taliei ofer\u0103 o siluet\u0103 rafinat\u0103, potrivit\u0103 perfect pentru un look profesional de birou. C\u0103derea moale \u0219i confortabil\u0103 asigur\u0103 purtare \u00eentreaga zi, fiind la fel de potrivit\u0103 de la \u00eent\u00e2lniri elegante p\u00e2n\u0103 la cine romantice de sear\u0103.<\/p>","protected":false},"excerpt":{"rendered":"<p>Milano Twist \u2013 fust\u0103 lung\u0103 r\u0103sucit\u0103<\/p>","protected":false},"featured_media":490,"comment_status":"open","ping_status":"closed","template":"","meta":{"_et_pb_use_builder":"","_et_pb_old_content":"","_et_gb_content_width":""},"product_brand":[],"product_cat":[32],"product_tag":[38,35,41,33,42],"class_list":{"0":"post-489","1":"product","2":"type-product","3":"status-publish","4":"has-post-thumbnail","6":"product_cat-szoknya","7":"product_tag-csavaros","8":"product_tag-hosszu","9":"product_tag-milano","10":"product_tag-szoknya","11":"product_tag-twist","13":"first","14":"instock","15":"shipping-taxable","16":"purchasable","17":"product-type-simple"},"yoast_head":"<!-- This site is optimized with the Yoast SEO plugin v26.8 - https:\/\/yoast.com\/product\/yoast-seo-wordpress\/ -->\n<title>Milano Twist \u2013 hossz\u00fa csavaros szoknya - Encystyle<\/title>\n<meta name=\"robots\" content=\"index, follow, max-snippet:-1, max-image-preview:large, max-video-preview:-1\" \/>\n<link rel=\"canonical\" href=\"https:\/\/encystyle.ro\/ro\/product\/milano-twist-hosszu-csavaros-szoknya\/\" \/>\n<meta property=\"og:locale\" content=\"ro_RO\" \/>\n<meta property=\"og:type\" content=\"article\" \/>\n<meta property=\"og:title\" content=\"Milano Twist \u2013 hossz\u00fa csavaros szoknya - Encystyle\" \/>\n<meta property=\"og:description\" content=\"Milano Twist \u2013 hossz\u00fa csavaros szoknya\" \/>\n<meta property=\"og:url\" content=\"https:\/\/encystyle.ro\/ro\/product\/milano-twist-hosszu-csavaros-szoknya\/\" \/>\n<meta property=\"og:site_name\" content=\"Encystyle\" \/>\n<meta property=\"article:publisher\" content=\"https:\/\/www.facebook.com\/encystyle\" \/>\n<meta property=\"og:image\" content=\"https:\/\/encystyle.ro\/wp-content\/uploads\/2025\/09\/Encystyle-v4-01.webp\" \/>\n\t<meta property=\"og:image:width\" content=\"1066\" \/>\n\t<meta property=\"og:image:height\" content=\"1066\" \/>\n\t<meta property=\"og:image:type\" content=\"image\/webp\" \/>\n<meta name=\"twitter:card\" content=\"summary_large_image\" \/>\n<script type=\"application\/ld+json\" class=\"yoast-schema-graph\">{\"@context\":\"https:\/\/schema.org\",\"@graph\":[{\"@type\":\"WebPage\",\"@id\":\"https:\/\/encystyle.ro\/product\/milano-twist-hosszu-csavaros-szoknya\/\",\"url\":\"https:\/\/encystyle.ro\/product\/milano-twist-hosszu-csavaros-szoknya\/\",\"name\":\"Milano Twist \u2013 hossz\u00fa csavaros szoknya - Encystyle\",\"isPartOf\":{\"@id\":\"https:\/\/encystyle.ro\/#website\"},\"primaryImageOfPage\":{\"@id\":\"https:\/\/encystyle.ro\/product\/milano-twist-hosszu-csavaros-szoknya\/#primaryimage\"},\"image\":{\"@id\":\"https:\/\/encystyle.ro\/product\/milano-twist-hosszu-csavaros-szoknya\/#primaryimage\"},\"thumbnailUrl\":\"https:\/\/encystyle.ro\/wp-content\/uploads\/2025\/09\/Encystyle-v4-01.webp\",\"datePublished\":\"2025-09-21T21:32:54+00:00\",\"breadcrumb\":{\"@id\":\"https:\/\/encystyle.ro\/product\/milano-twist-hosszu-csavaros-szoknya\/#breadcrumb\"},\"inLanguage\":\"ro-RO\",\"potentialAction\":[{\"@type\":\"ReadAction\",\"target\":[\"https:\/\/encystyle.ro\/product\/milano-twist-hosszu-csavaros-szoknya\/\"]}]},{\"@type\":\"ImageObject\",\"inLanguage\":\"ro-RO\",\"@id\":\"https:\/\/encystyle.ro\/product\/milano-twist-hosszu-csavaros-szoknya\/#primaryimage\",\"url\":\"https:\/\/encystyle.ro\/wp-content\/uploads\/2025\/09\/Encystyle-v4-01.webp\",\"contentUrl\":\"https:\/\/encystyle.ro\/wp-content\/uploads\/2025\/09\/Encystyle-v4-01.webp\",\"width\":1066,\"height\":1066},{\"@type\":\"BreadcrumbList\",\"@id\":\"https:\/\/encystyle.ro\/product\/milano-twist-hosszu-csavaros-szoknya\/#breadcrumb\",\"itemListElement\":[{\"@type\":\"ListItem\",\"position\":1,\"name\":\"Kezd\u0151lap\",\"item\":\"https:\/\/encystyle.ro\/\"},{\"@type\":\"ListItem\",\"position\":2,\"name\":\"Shop\",\"item\":\"https:\/\/encystyle.ro\/shop\/\"},{\"@type\":\"ListItem\",\"position\":3,\"name\":\"Milano Twist \u2013 hossz\u00fa csavaros szoknya\"}]},{\"@type\":\"WebSite\",\"@id\":\"https:\/\/encystyle.ro\/#website\",\"url\":\"https:\/\/encystyle.ro\/\",\"name\":\"Encystyle\",\"description\":\"Sz\u00edn \u00e9s st\u00edlustan\u00e1csad\u00e1s\",\"publisher\":{\"@id\":\"https:\/\/encystyle.ro\/#organization\"},\"potentialAction\":[{\"@type\":\"SearchAction\",\"target\":{\"@type\":\"EntryPoint\",\"urlTemplate\":\"https:\/\/encystyle.ro\/?s={search_term_string}\"},\"query-input\":{\"@type\":\"PropertyValueSpecification\",\"valueRequired\":true,\"valueName\":\"search_term_string\"}}],\"inLanguage\":\"ro-RO\"},{\"@type\":\"Organization\",\"@id\":\"https:\/\/encystyle.ro\/#organization\",\"name\":\"Encystyle\",\"url\":\"https:\/\/encystyle.ro\/\",\"logo\":{\"@type\":\"ImageObject\",\"inLanguage\":\"ro-RO\",\"@id\":\"https:\/\/encystyle.ro\/#\/schema\/logo\/image\/\",\"url\":\"https:\/\/encystyle.ro\/wp-content\/uploads\/2022\/07\/Main-logo.png\",\"contentUrl\":\"https:\/\/encystyle.ro\/wp-content\/uploads\/2022\/07\/Main-logo.png\",\"width\":438,\"height\":311,\"caption\":\"Encystyle\"},\"image\":{\"@id\":\"https:\/\/encystyle.ro\/#\/schema\/logo\/image\/\"},\"sameAs\":[\"https:\/\/www.facebook.com\/encystyle\"]}]}<\/script>\n<!-- \/ Yoast SEO plugin. -->","yoast_head_json":{"title":"Milano Twist \u2013 hossz\u00fa csavaros szoknya - Encystyle","robots":{"index":"index","follow":"follow","max-snippet":"max-snippet:-1","max-image-preview":"max-image-preview:large","max-video-preview":"max-video-preview:-1"},"canonical":"https:\/\/encystyle.ro\/ro\/product\/milano-twist-hosszu-csavaros-szoknya\/","og_locale":"ro_RO","og_type":"article","og_title":"Milano Twist \u2013 hossz\u00fa csavaros szoknya - Encystyle","og_description":"Milano Twist \u2013 hossz\u00fa csavaros szoknya","og_url":"https:\/\/encystyle.ro\/ro\/product\/milano-twist-hosszu-csavaros-szoknya\/","og_site_name":"Encystyle","article_publisher":"https:\/\/www.facebook.com\/encystyle","og_image":[{"width":1066,"height":1066,"url":"https:\/\/encystyle.ro\/wp-content\/uploads\/2025\/09\/Encystyle-v4-01.webp","type":"image\/webp"}],"twitter_card":"summary_large_image","schema":{"@context":"https:\/\/schema.org","@graph":[{"@type":"WebPage","@id":"https:\/\/encystyle.ro\/product\/milano-twist-hosszu-csavaros-szoknya\/","url":"https:\/\/encystyle.ro\/product\/milano-twist-hosszu-csavaros-szoknya\/","name":"Milano Twist \u2013 hossz\u00fa csavaros szoknya - Encystyle","isPartOf":{"@id":"https:\/\/encystyle.ro\/#website"},"primaryImageOfPage":{"@id":"https:\/\/encystyle.ro\/product\/milano-twist-hosszu-csavaros-szoknya\/#primaryimage"},"image":{"@id":"https:\/\/encystyle.ro\/product\/milano-twist-hosszu-csavaros-szoknya\/#primaryimage"},"thumbnailUrl":"https:\/\/encystyle.ro\/wp-content\/uploads\/2025\/09\/Encystyle-v4-01.webp","datePublished":"2025-09-21T21:32:54+00:00","breadcrumb":{"@id":"https:\/\/encystyle.ro\/product\/milano-twist-hosszu-csavaros-szoknya\/#breadcrumb"},"inLanguage":"ro-RO","potentialAction":[{"@type":"ReadAction","target":["https:\/\/encystyle.ro\/product\/milano-twist-hosszu-csavaros-szoknya\/"]}]},{"@type":"ImageObject","inLanguage":"ro-RO","@id":"https:\/\/encystyle.ro\/product\/milano-twist-hosszu-csavaros-szoknya\/#primaryimage","url":"https:\/\/encystyle.ro\/wp-content\/uploads\/2025\/09\/Encystyle-v4-01.webp","contentUrl":"https:\/\/encystyle.ro\/wp-content\/uploads\/2025\/09\/Encystyle-v4-01.webp","width":1066,"height":1066},{"@type":"BreadcrumbList","@id":"https:\/\/encystyle.ro\/product\/milano-twist-hosszu-csavaros-szoknya\/#breadcrumb","itemListElement":[{"@type":"ListItem","position":1,"name":"Kezd\u0151lap","item":"https:\/\/encystyle.ro\/"},{"@type":"ListItem","position":2,"name":"Shop","item":"https:\/\/encystyle.ro\/shop\/"},{"@type":"ListItem","position":3,"name":"Milano Twist \u2013 hossz\u00fa csavaros szoknya"}]},{"@type":"WebSite","@id":"https:\/\/encystyle.ro\/#website","url":"https:\/\/encystyle.ro\/","name":"Encystyle","description":"Sz\u00edn \u00e9s st\u00edlustan\u00e1csad\u00e1s","publisher":{"@id":"https:\/\/encystyle.ro\/#organization"},"potentialAction":[{"@type":"SearchAction","target":{"@type":"EntryPoint","urlTemplate":"https:\/\/encystyle.ro\/?s={search_term_string}"},"query-input":{"@type":"PropertyValueSpecification","valueRequired":true,"valueName":"search_term_string"}}],"inLanguage":"ro-RO"},{"@type":"Organization","@id":"https:\/\/encystyle.ro\/#organization","name":"Encystyle","url":"https:\/\/encystyle.ro\/","logo":{"@type":"ImageObject","inLanguage":"ro-RO","@id":"https:\/\/encystyle.ro\/#\/schema\/logo\/image\/","url":"https:\/\/encystyle.ro\/wp-content\/uploads\/2022\/07\/Main-logo.png","contentUrl":"https:\/\/encystyle.ro\/wp-content\/uploads\/2022\/07\/Main-logo.png","width":438,"height":311,"caption":"Encystyle"},"image":{"@id":"https:\/\/encystyle.ro\/#\/schema\/logo\/image\/"},"sameAs":["https:\/\/www.facebook.com\/encystyle"]}]}},"_links":{"self":[{"href":"https:\/\/encystyle.ro\/ro\/wp-json\/wp\/v2\/product\/489","targetHints":{"allow":["GET"]}}],"collection":[{"href":"https:\/\/encystyle.ro\/ro\/wp-json\/wp\/v2\/product"}],"about":[{"href":"https:\/\/encystyle.ro\/ro\/wp-json\/wp\/v2\/types\/product"}],"replies":[{"embeddable":true,"href":"https:\/\/encystyle.ro\/ro\/wp-json\/wp\/v2\/comments?post=489"}],"wp:featuredmedia":[{"embeddable":true,"href":"https:\/\/encystyle.ro\/ro\/wp-json\/wp\/v2\/media\/490"}],"wp:attachment":[{"href":"https:\/\/encystyle.ro\/ro\/wp-json\/wp\/v2\/media?parent=489"}],"wp:term":[{"taxonomy":"product_brand","embeddable":true,"href":"https:\/\/encystyle.ro\/ro\/wp-json\/wp\/v2\/product_brand?post=489"},{"taxonomy":"product_cat","embeddable":true,"href":"https:\/\/encystyle.ro\/ro\/wp-json\/wp\/v2\/product_cat?post=489"},{"taxonomy":"product_tag","embeddable":true,"href":"https:\/\/encystyle.ro\/ro\/wp-json\/wp\/v2\/product_tag?post=489"}],"curies":[{"name":"wp","href":"https:\/\/api.w.org\/{rel}","templated":true}]}}