{"id":666,"date":"2025-11-22T03:10:40","date_gmt":"2025-11-22T01:10:40","guid":{"rendered":"https:\/\/encystyle.ro\/?post_type=product&#038;p=666"},"modified":"2025-11-22T04:05:52","modified_gmt":"2025-11-22T02:05:52","slug":"encystyle-evening-collection","status":"publish","type":"product","link":"https:\/\/encystyle.ro\/ro\/product\/encystyle-evening-collection\/","title":{"rendered":"Encystyle Evening Collection"},"content":{"rendered":"<p>Az Encystyle Evening Collection a modern n\u0151 \u00fcnnepi eleganci\u00e1j\u00e1t \u00fcnnepli.<br \/>\nPr\u00e9mium vonalak, kifinomult r\u00e9szletek \u00e9s id\u0151tlen n\u0151iess\u00e9g \u2013 minden ruhadarab az\u00e9rt sz\u00fcletett, hogy a visel\u0151je magabiztosan ragyoghasson a k\u00fcl\u00f6nleges alkalmakon.<br \/>\nElegancia, ami r\u00e1d szabott.<\/p>","protected":false},"excerpt":{"rendered":"<p>Pr\u00e9mium vonalak, kifinomult r\u00e9szletek \u00e9s id\u0151tlen n\u0151iess\u00e9g \u2013 minden ruhadarab az\u00e9rt sz\u00fcletett, hogy a visel\u0151je magabiztosan ragyoghasson a k\u00fcl\u00f6nleges alkalmakon. Minden ruh\u00e1t szem\u00e9lyre szabunk, \u00edgy a te vonalaidat fogja k\u00f6vetni!<\/p>","protected":false},"featured_media":667,"comment_status":"open","ping_status":"closed","template":"","meta":{"_et_pb_use_builder":"","_et_pb_old_content":"","_et_gb_content_width":""},"product_brand":[],"product_cat":[47],"product_tag":[],"class_list":{"0":"post-666","1":"product","2":"type-product","3":"status-publish","4":"has-post-thumbnail","6":"product_cat-encystyle-evening-collection","8":"first","9":"instock","10":"shipping-taxable","11":"purchasable","12":"product-type-variable"},"yoast_head":"<!-- This site is optimized with the Yoast SEO plugin v26.8 - https:\/\/yoast.com\/product\/yoast-seo-wordpress\/ -->\n<title>Encystyle Evening Collection<\/title>\n<meta name=\"description\" content=\"Az Encystyle Evening Collection a modern n\u0151 \u00fcnnepi eleganci\u00e1j\u00e1t \u00fcnnepli. Pr\u00e9mium vonalak, kifinomult r\u00e9szletek \u00e9s id\u0151tlen n\u0151iess\u00e9g \u2013 minden ruhadarab az\u00e9rt sz\u00fcletett, hogy a visel\u0151je magabiztosan ragyoghasson a k\u00fcl\u00f6nleges alkalmakon.\" \/>\n<meta name=\"robots\" content=\"index, follow, max-snippet:-1, max-image-preview:large, max-video-preview:-1\" \/>\n<link rel=\"canonical\" href=\"https:\/\/encystyle.ro\/ro\/product\/encystyle-evening-collection\/\" \/>\n<meta property=\"og:locale\" content=\"ro_RO\" \/>\n<meta property=\"og:type\" content=\"article\" \/>\n<meta property=\"og:title\" content=\"Encystyle Evening Collection\" \/>\n<meta property=\"og:description\" content=\"Az Encystyle Evening Collection a modern n\u0151 \u00fcnnepi eleganci\u00e1j\u00e1t \u00fcnnepli. Pr\u00e9mium vonalak, kifinomult r\u00e9szletek \u00e9s id\u0151tlen n\u0151iess\u00e9g \u2013 minden ruhadarab az\u00e9rt sz\u00fcletett, hogy a visel\u0151je magabiztosan ragyoghasson a k\u00fcl\u00f6nleges alkalmakon.\" \/>\n<meta property=\"og:url\" content=\"https:\/\/encystyle.ro\/ro\/product\/encystyle-evening-collection\/\" \/>\n<meta property=\"og:site_name\" content=\"Encystyle\" \/>\n<meta property=\"article:publisher\" content=\"https:\/\/www.facebook.com\/encystyle\" \/>\n<meta property=\"article:modified_time\" content=\"2025-11-22T02:05:52+00:00\" \/>\n<meta property=\"og:image\" content=\"https:\/\/encystyle.ro\/wp-content\/uploads\/2025\/11\/x.jpg\" \/>\n\t<meta property=\"og:image:width\" content=\"2000\" \/>\n\t<meta property=\"og:image:height\" content=\"2000\" \/>\n\t<meta property=\"og:image:type\" content=\"image\/jpeg\" \/>\n<meta name=\"twitter:card\" content=\"summary_large_image\" \/>\n<meta name=\"twitter:label1\" content=\"Timp estimat pentru citire\" \/>\n\t<meta name=\"twitter:data1\" content=\"1 minut\" \/>\n<script type=\"application\/ld+json\" class=\"yoast-schema-graph\">{\"@context\":\"https:\/\/schema.org\",\"@graph\":[{\"@type\":\"WebPage\",\"@id\":\"https:\/\/encystyle.ro\/product\/encystyle-evening-collection\/\",\"url\":\"https:\/\/encystyle.ro\/product\/encystyle-evening-collection\/\",\"name\":\"Encystyle Evening Collection\",\"isPartOf\":{\"@id\":\"https:\/\/encystyle.ro\/#website\"},\"primaryImageOfPage\":{\"@id\":\"https:\/\/encystyle.ro\/product\/encystyle-evening-collection\/#primaryimage\"},\"image\":{\"@id\":\"https:\/\/encystyle.ro\/product\/encystyle-evening-collection\/#primaryimage\"},\"thumbnailUrl\":\"https:\/\/encystyle.ro\/wp-content\/uploads\/2025\/11\/x.jpg\",\"datePublished\":\"2025-11-22T01:10:40+00:00\",\"dateModified\":\"2025-11-22T02:05:52+00:00\",\"description\":\"Az Encystyle Evening Collection a modern n\u0151 \u00fcnnepi eleganci\u00e1j\u00e1t \u00fcnnepli. Pr\u00e9mium vonalak, kifinomult r\u00e9szletek \u00e9s id\u0151tlen n\u0151iess\u00e9g \u2013 minden ruhadarab az\u00e9rt sz\u00fcletett, hogy a visel\u0151je magabiztosan ragyoghasson a k\u00fcl\u00f6nleges alkalmakon.\",\"breadcrumb\":{\"@id\":\"https:\/\/encystyle.ro\/product\/encystyle-evening-collection\/#breadcrumb\"},\"inLanguage\":\"ro-RO\",\"potentialAction\":[{\"@type\":\"ReadAction\",\"target\":[\"https:\/\/encystyle.ro\/product\/encystyle-evening-collection\/\"]}]},{\"@type\":\"ImageObject\",\"inLanguage\":\"ro-RO\",\"@id\":\"https:\/\/encystyle.ro\/product\/encystyle-evening-collection\/#primaryimage\",\"url\":\"https:\/\/encystyle.ro\/wp-content\/uploads\/2025\/11\/x.jpg\",\"contentUrl\":\"https:\/\/encystyle.ro\/wp-content\/uploads\/2025\/11\/x.jpg\",\"width\":2000,\"height\":2000,\"caption\":\"Encystyle Evening Collection\"},{\"@type\":\"BreadcrumbList\",\"@id\":\"https:\/\/encystyle.ro\/product\/encystyle-evening-collection\/#breadcrumb\",\"itemListElement\":[{\"@type\":\"ListItem\",\"position\":1,\"name\":\"Kezd\u0151lap\",\"item\":\"https:\/\/encystyle.ro\/\"},{\"@type\":\"ListItem\",\"position\":2,\"name\":\"Shop\",\"item\":\"https:\/\/encystyle.ro\/shop\/\"},{\"@type\":\"ListItem\",\"position\":3,\"name\":\"Encystyle Evening Collection\"}]},{\"@type\":\"WebSite\",\"@id\":\"https:\/\/encystyle.ro\/#website\",\"url\":\"https:\/\/encystyle.ro\/\",\"name\":\"Encystyle\",\"description\":\"Sz\u00edn \u00e9s st\u00edlustan\u00e1csad\u00e1s\",\"publisher\":{\"@id\":\"https:\/\/encystyle.ro\/#organization\"},\"potentialAction\":[{\"@type\":\"SearchAction\",\"target\":{\"@type\":\"EntryPoint\",\"urlTemplate\":\"https:\/\/encystyle.ro\/?s={search_term_string}\"},\"query-input\":{\"@type\":\"PropertyValueSpecification\",\"valueRequired\":true,\"valueName\":\"search_term_string\"}}],\"inLanguage\":\"ro-RO\"},{\"@type\":\"Organization\",\"@id\":\"https:\/\/encystyle.ro\/#organization\",\"name\":\"Encystyle\",\"url\":\"https:\/\/encystyle.ro\/\",\"logo\":{\"@type\":\"ImageObject\",\"inLanguage\":\"ro-RO\",\"@id\":\"https:\/\/encystyle.ro\/#\/schema\/logo\/image\/\",\"url\":\"https:\/\/encystyle.ro\/wp-content\/uploads\/2022\/07\/Main-logo.png\",\"contentUrl\":\"https:\/\/encystyle.ro\/wp-content\/uploads\/2022\/07\/Main-logo.png\",\"width\":438,\"height\":311,\"caption\":\"Encystyle\"},\"image\":{\"@id\":\"https:\/\/encystyle.ro\/#\/schema\/logo\/image\/\"},\"sameAs\":[\"https:\/\/www.facebook.com\/encystyle\"]}]}<\/script>\n<!-- \/ Yoast SEO plugin. -->","yoast_head_json":{"title":"Encystyle Evening Collection","description":"Az Encystyle Evening Collection a modern n\u0151 \u00fcnnepi eleganci\u00e1j\u00e1t \u00fcnnepli. Pr\u00e9mium vonalak, kifinomult r\u00e9szletek \u00e9s id\u0151tlen n\u0151iess\u00e9g \u2013 minden ruhadarab az\u00e9rt sz\u00fcletett, hogy a visel\u0151je magabiztosan ragyoghasson a k\u00fcl\u00f6nleges alkalmakon.","robots":{"index":"index","follow":"follow","max-snippet":"max-snippet:-1","max-image-preview":"max-image-preview:large","max-video-preview":"max-video-preview:-1"},"canonical":"https:\/\/encystyle.ro\/ro\/product\/encystyle-evening-collection\/","og_locale":"ro_RO","og_type":"article","og_title":"Encystyle Evening Collection","og_description":"Az Encystyle Evening Collection a modern n\u0151 \u00fcnnepi eleganci\u00e1j\u00e1t \u00fcnnepli. Pr\u00e9mium vonalak, kifinomult r\u00e9szletek \u00e9s id\u0151tlen n\u0151iess\u00e9g \u2013 minden ruhadarab az\u00e9rt sz\u00fcletett, hogy a visel\u0151je magabiztosan ragyoghasson a k\u00fcl\u00f6nleges alkalmakon.","og_url":"https:\/\/encystyle.ro\/ro\/product\/encystyle-evening-collection\/","og_site_name":"Encystyle","article_publisher":"https:\/\/www.facebook.com\/encystyle","article_modified_time":"2025-11-22T02:05:52+00:00","og_image":[{"width":2000,"height":2000,"url":"https:\/\/encystyle.ro\/wp-content\/uploads\/2025\/11\/x.jpg","type":"image\/jpeg"}],"twitter_card":"summary_large_image","twitter_misc":{"Timp estimat pentru citire":"1 minut"},"schema":{"@context":"https:\/\/schema.org","@graph":[{"@type":"WebPage","@id":"https:\/\/encystyle.ro\/product\/encystyle-evening-collection\/","url":"https:\/\/encystyle.ro\/product\/encystyle-evening-collection\/","name":"Encystyle Evening Collection","isPartOf":{"@id":"https:\/\/encystyle.ro\/#website"},"primaryImageOfPage":{"@id":"https:\/\/encystyle.ro\/product\/encystyle-evening-collection\/#primaryimage"},"image":{"@id":"https:\/\/encystyle.ro\/product\/encystyle-evening-collection\/#primaryimage"},"thumbnailUrl":"https:\/\/encystyle.ro\/wp-content\/uploads\/2025\/11\/x.jpg","datePublished":"2025-11-22T01:10:40+00:00","dateModified":"2025-11-22T02:05:52+00:00","description":"Az Encystyle Evening Collection a modern n\u0151 \u00fcnnepi eleganci\u00e1j\u00e1t \u00fcnnepli. Pr\u00e9mium vonalak, kifinomult r\u00e9szletek \u00e9s id\u0151tlen n\u0151iess\u00e9g \u2013 minden ruhadarab az\u00e9rt sz\u00fcletett, hogy a visel\u0151je magabiztosan ragyoghasson a k\u00fcl\u00f6nleges alkalmakon.","breadcrumb":{"@id":"https:\/\/encystyle.ro\/product\/encystyle-evening-collection\/#breadcrumb"},"inLanguage":"ro-RO","potentialAction":[{"@type":"ReadAction","target":["https:\/\/encystyle.ro\/product\/encystyle-evening-collection\/"]}]},{"@type":"ImageObject","inLanguage":"ro-RO","@id":"https:\/\/encystyle.ro\/product\/encystyle-evening-collection\/#primaryimage","url":"https:\/\/encystyle.ro\/wp-content\/uploads\/2025\/11\/x.jpg","contentUrl":"https:\/\/encystyle.ro\/wp-content\/uploads\/2025\/11\/x.jpg","width":2000,"height":2000,"caption":"Encystyle Evening Collection"},{"@type":"BreadcrumbList","@id":"https:\/\/encystyle.ro\/product\/encystyle-evening-collection\/#breadcrumb","itemListElement":[{"@type":"ListItem","position":1,"name":"Kezd\u0151lap","item":"https:\/\/encystyle.ro\/"},{"@type":"ListItem","position":2,"name":"Shop","item":"https:\/\/encystyle.ro\/shop\/"},{"@type":"ListItem","position":3,"name":"Encystyle Evening Collection"}]},{"@type":"WebSite","@id":"https:\/\/encystyle.ro\/#website","url":"https:\/\/encystyle.ro\/","name":"Encystyle","description":"Sz\u00edn \u00e9s st\u00edlustan\u00e1csad\u00e1s","publisher":{"@id":"https:\/\/encystyle.ro\/#organization"},"potentialAction":[{"@type":"SearchAction","target":{"@type":"EntryPoint","urlTemplate":"https:\/\/encystyle.ro\/?s={search_term_string}"},"query-input":{"@type":"PropertyValueSpecification","valueRequired":true,"valueName":"search_term_string"}}],"inLanguage":"ro-RO"},{"@type":"Organization","@id":"https:\/\/encystyle.ro\/#organization","name":"Encystyle","url":"https:\/\/encystyle.ro\/","logo":{"@type":"ImageObject","inLanguage":"ro-RO","@id":"https:\/\/encystyle.ro\/#\/schema\/logo\/image\/","url":"https:\/\/encystyle.ro\/wp-content\/uploads\/2022\/07\/Main-logo.png","contentUrl":"https:\/\/encystyle.ro\/wp-content\/uploads\/2022\/07\/Main-logo.png","width":438,"height":311,"caption":"Encystyle"},"image":{"@id":"https:\/\/encystyle.ro\/#\/schema\/logo\/image\/"},"sameAs":["https:\/\/www.facebook.com\/encystyle"]}]}},"_links":{"self":[{"href":"https:\/\/encystyle.ro\/ro\/wp-json\/wp\/v2\/product\/666","targetHints":{"allow":["GET"]}}],"collection":[{"href":"https:\/\/encystyle.ro\/ro\/wp-json\/wp\/v2\/product"}],"about":[{"href":"https:\/\/encystyle.ro\/ro\/wp-json\/wp\/v2\/types\/product"}],"replies":[{"embeddable":true,"href":"https:\/\/encystyle.ro\/ro\/wp-json\/wp\/v2\/comments?post=666"}],"wp:featuredmedia":[{"embeddable":true,"href":"https:\/\/encystyle.ro\/ro\/wp-json\/wp\/v2\/media\/667"}],"wp:attachment":[{"href":"https:\/\/encystyle.ro\/ro\/wp-json\/wp\/v2\/media?parent=666"}],"wp:term":[{"taxonomy":"product_brand","embeddable":true,"href":"https:\/\/encystyle.ro\/ro\/wp-json\/wp\/v2\/product_brand?post=666"},{"taxonomy":"product_cat","embeddable":true,"href":"https:\/\/encystyle.ro\/ro\/wp-json\/wp\/v2\/product_cat?post=666"},{"taxonomy":"product_tag","embeddable":true,"href":"https:\/\/encystyle.ro\/ro\/wp-json\/wp\/v2\/product_tag?post=666"}],"curies":[{"name":"wp","href":"https:\/\/api.w.org\/{rel}","templated":true}]}}