{"id":728,"date":"2025-11-22T05:53:17","date_gmt":"2025-11-22T03:53:17","guid":{"rendered":"https:\/\/encystyle.ro\/?post_type=product&#038;p=728"},"modified":"2025-11-22T05:53:17","modified_gmt":"2025-11-22T03:53:17","slug":"mini-karacsonyi-szintanacsadas-color-me-christmas","status":"publish","type":"product","link":"https:\/\/encystyle.ro\/ro\/product\/mini-karacsonyi-szintanacsadas-color-me-christmas\/","title":{"rendered":"MINI KAR\u00c1CSONYI SZ\u00cdNTAN\u00c1CSAD\u00c1S \u2014 \u201eColor Me Christmas\u201d"},"content":{"rendered":"<div><strong>MINI KAR\u00c1CSONYI SZ\u00cdNTAN\u00c1CSAD\u00c1S \u2014 \u201eColor Me Christmas\u201d<\/strong><\/div>\n<div><\/div>\n<div>\u2728 \u201eSz\u00ednezd \u00fajra az \u00fcnnepeket\u201d<\/div>\n<div><\/div>\n<div><strong>Mit kap a kliens:<\/strong><\/div>\n<div>\u202225 perces mini sz\u00edntan\u00e1csad\u00e1s<\/div>\n<div>\u2022\u00dcnnepi sz\u00ednpaletta: melyik piros, melyik arany\/ez\u00fcst \u00e1ll j\u00f3l<\/div>\n<div>\u2022Sminksz\u00ednek aj\u00e1nl\u00e1sa<\/div>\n<div>\u2022Kar\u00e1csonyi outfit sz\u00ednkomb\u00f3k (2\u20133 gyors opci\u00f3)<\/div>\n<div><\/div>\n<div><strong>Kinek aj\u00e1nlott:<\/strong><\/div>\n<div>\u2022aki bizonytalan, milyen \u00fcnnepi sz\u00ednek \u00e1llnak j\u00f3l<\/div>\n<div>\u2022akinek gyors tan\u00e1cs kell vacsor\u00e1ra, rendezv\u00e9nyre<\/div>\n<div>\u2022aki nem akar nagy csomagot, csak ir\u00e1nymutat\u00e1st<\/div>","protected":false},"excerpt":{"rendered":"<p>Adj st\u00edlust kar\u00e1csonyra! \ud83c\udf81<\/p>\n<p>Ker\u00fclj\u00f6n a fa al\u00e1 b\u00e1rmelyik csomagom, \u00e9s lepd meg magad, szeretteidet vagy koll\u00e9g\u00e1idat egy szem\u00e9lyre szabott, st\u00edlusos \u00e9lm\u00e9nnyel!<\/p>","protected":false},"featured_media":729,"comment_status":"open","ping_status":"closed","template":"","meta":{"_et_pb_use_builder":"","_et_pb_old_content":"","_et_gb_content_width":""},"product_brand":[],"product_cat":[48],"product_tag":[],"class_list":{"0":"post-728","1":"product","2":"type-product","3":"status-publish","4":"has-post-thumbnail","6":"product_cat-szolgaltatasok","8":"first","9":"instock","10":"virtual","11":"purchasable","12":"product-type-simple"},"yoast_head":"<!-- This site is optimized with the Yoast SEO plugin v26.8 - https:\/\/yoast.com\/product\/yoast-seo-wordpress\/ -->\n<title>MINI KAR\u00c1CSONYI SZ\u00cdNTAN\u00c1CSAD\u00c1S \u2014 \u201eColor Me Christmas\u201d - Encystyle<\/title>\n<meta name=\"description\" content=\"Adj st\u00edlust kar\u00e1csonyra! Ker\u00fclj\u00f6n a fa al\u00e1 b\u00e1rmelyik csomagom, \u00e9s lepd meg magad, szeretteidet vagy koll\u00e9g\u00e1idat egy szem\u00e9lyre szabott, st\u00edlusos \u00e9lm\u00e9nnyel!\" \/>\n<meta name=\"robots\" content=\"index, follow, max-snippet:-1, max-image-preview:large, max-video-preview:-1\" \/>\n<link rel=\"canonical\" href=\"https:\/\/encystyle.ro\/ro\/product\/mini-karacsonyi-szintanacsadas-color-me-christmas\/\" \/>\n<meta property=\"og:locale\" content=\"ro_RO\" \/>\n<meta property=\"og:type\" content=\"article\" \/>\n<meta property=\"og:title\" content=\"MINI KAR\u00c1CSONYI SZ\u00cdNTAN\u00c1CSAD\u00c1S \u2014 \u201eColor Me Christmas\u201d - Encystyle\" \/>\n<meta property=\"og:description\" content=\"Adj st\u00edlust kar\u00e1csonyra! Ker\u00fclj\u00f6n a fa al\u00e1 b\u00e1rmelyik csomagom, \u00e9s lepd meg magad, szeretteidet vagy koll\u00e9g\u00e1idat egy szem\u00e9lyre szabott, st\u00edlusos \u00e9lm\u00e9nnyel!\" \/>\n<meta property=\"og:url\" content=\"https:\/\/encystyle.ro\/ro\/product\/mini-karacsonyi-szintanacsadas-color-me-christmas\/\" \/>\n<meta property=\"og:site_name\" content=\"Encystyle\" \/>\n<meta property=\"article:publisher\" content=\"https:\/\/www.facebook.com\/encystyle\" \/>\n<meta property=\"og:image\" content=\"https:\/\/encystyle.ro\/wp-content\/uploads\/2025\/11\/03-Christmas.jpg\" \/>\n\t<meta property=\"og:image:width\" content=\"1500\" \/>\n\t<meta property=\"og:image:height\" content=\"1500\" \/>\n\t<meta property=\"og:image:type\" content=\"image\/jpeg\" \/>\n<meta name=\"twitter:card\" content=\"summary_large_image\" \/>\n<meta name=\"twitter:label1\" content=\"Timp estimat pentru citire\" \/>\n\t<meta name=\"twitter:data1\" content=\"1 minut\" \/>\n<script type=\"application\/ld+json\" class=\"yoast-schema-graph\">{\"@context\":\"https:\/\/schema.org\",\"@graph\":[{\"@type\":\"WebPage\",\"@id\":\"https:\/\/encystyle.ro\/product\/mini-karacsonyi-szintanacsadas-color-me-christmas\/\",\"url\":\"https:\/\/encystyle.ro\/product\/mini-karacsonyi-szintanacsadas-color-me-christmas\/\",\"name\":\"MINI KAR\u00c1CSONYI SZ\u00cdNTAN\u00c1CSAD\u00c1S \u2014 \u201eColor Me Christmas\u201d - Encystyle\",\"isPartOf\":{\"@id\":\"https:\/\/encystyle.ro\/#website\"},\"primaryImageOfPage\":{\"@id\":\"https:\/\/encystyle.ro\/product\/mini-karacsonyi-szintanacsadas-color-me-christmas\/#primaryimage\"},\"image\":{\"@id\":\"https:\/\/encystyle.ro\/product\/mini-karacsonyi-szintanacsadas-color-me-christmas\/#primaryimage\"},\"thumbnailUrl\":\"https:\/\/encystyle.ro\/wp-content\/uploads\/2025\/11\/03-Christmas.jpg\",\"datePublished\":\"2025-11-22T03:53:17+00:00\",\"description\":\"Adj st\u00edlust kar\u00e1csonyra! Ker\u00fclj\u00f6n a fa al\u00e1 b\u00e1rmelyik csomagom, \u00e9s lepd meg magad, szeretteidet vagy koll\u00e9g\u00e1idat egy szem\u00e9lyre szabott, st\u00edlusos \u00e9lm\u00e9nnyel!\",\"breadcrumb\":{\"@id\":\"https:\/\/encystyle.ro\/product\/mini-karacsonyi-szintanacsadas-color-me-christmas\/#breadcrumb\"},\"inLanguage\":\"ro-RO\",\"potentialAction\":[{\"@type\":\"ReadAction\",\"target\":[\"https:\/\/encystyle.ro\/product\/mini-karacsonyi-szintanacsadas-color-me-christmas\/\"]}]},{\"@type\":\"ImageObject\",\"inLanguage\":\"ro-RO\",\"@id\":\"https:\/\/encystyle.ro\/product\/mini-karacsonyi-szintanacsadas-color-me-christmas\/#primaryimage\",\"url\":\"https:\/\/encystyle.ro\/wp-content\/uploads\/2025\/11\/03-Christmas.jpg\",\"contentUrl\":\"https:\/\/encystyle.ro\/wp-content\/uploads\/2025\/11\/03-Christmas.jpg\",\"width\":1500,\"height\":1500},{\"@type\":\"BreadcrumbList\",\"@id\":\"https:\/\/encystyle.ro\/product\/mini-karacsonyi-szintanacsadas-color-me-christmas\/#breadcrumb\",\"itemListElement\":[{\"@type\":\"ListItem\",\"position\":1,\"name\":\"Kezd\u0151lap\",\"item\":\"https:\/\/encystyle.ro\/\"},{\"@type\":\"ListItem\",\"position\":2,\"name\":\"Shop\",\"item\":\"https:\/\/encystyle.ro\/shop\/\"},{\"@type\":\"ListItem\",\"position\":3,\"name\":\"MINI KAR\u00c1CSONYI SZ\u00cdNTAN\u00c1CSAD\u00c1S \u2014 \u201eColor Me Christmas\u201d\"}]},{\"@type\":\"WebSite\",\"@id\":\"https:\/\/encystyle.ro\/#website\",\"url\":\"https:\/\/encystyle.ro\/\",\"name\":\"Encystyle\",\"description\":\"Sz\u00edn \u00e9s st\u00edlustan\u00e1csad\u00e1s\",\"publisher\":{\"@id\":\"https:\/\/encystyle.ro\/#organization\"},\"potentialAction\":[{\"@type\":\"SearchAction\",\"target\":{\"@type\":\"EntryPoint\",\"urlTemplate\":\"https:\/\/encystyle.ro\/?s={search_term_string}\"},\"query-input\":{\"@type\":\"PropertyValueSpecification\",\"valueRequired\":true,\"valueName\":\"search_term_string\"}}],\"inLanguage\":\"ro-RO\"},{\"@type\":\"Organization\",\"@id\":\"https:\/\/encystyle.ro\/#organization\",\"name\":\"Encystyle\",\"url\":\"https:\/\/encystyle.ro\/\",\"logo\":{\"@type\":\"ImageObject\",\"inLanguage\":\"ro-RO\",\"@id\":\"https:\/\/encystyle.ro\/#\/schema\/logo\/image\/\",\"url\":\"https:\/\/encystyle.ro\/wp-content\/uploads\/2022\/07\/Main-logo.png\",\"contentUrl\":\"https:\/\/encystyle.ro\/wp-content\/uploads\/2022\/07\/Main-logo.png\",\"width\":438,\"height\":311,\"caption\":\"Encystyle\"},\"image\":{\"@id\":\"https:\/\/encystyle.ro\/#\/schema\/logo\/image\/\"},\"sameAs\":[\"https:\/\/www.facebook.com\/encystyle\"]}]}<\/script>\n<!-- \/ Yoast SEO plugin. -->","yoast_head_json":{"title":"MINI KAR\u00c1CSONYI SZ\u00cdNTAN\u00c1CSAD\u00c1S \u2014 \u201eColor Me Christmas\u201d - Encystyle","description":"Adj st\u00edlust kar\u00e1csonyra! Ker\u00fclj\u00f6n a fa al\u00e1 b\u00e1rmelyik csomagom, \u00e9s lepd meg magad, szeretteidet vagy koll\u00e9g\u00e1idat egy szem\u00e9lyre szabott, st\u00edlusos \u00e9lm\u00e9nnyel!","robots":{"index":"index","follow":"follow","max-snippet":"max-snippet:-1","max-image-preview":"max-image-preview:large","max-video-preview":"max-video-preview:-1"},"canonical":"https:\/\/encystyle.ro\/ro\/product\/mini-karacsonyi-szintanacsadas-color-me-christmas\/","og_locale":"ro_RO","og_type":"article","og_title":"MINI KAR\u00c1CSONYI SZ\u00cdNTAN\u00c1CSAD\u00c1S \u2014 \u201eColor Me Christmas\u201d - Encystyle","og_description":"Adj st\u00edlust kar\u00e1csonyra! Ker\u00fclj\u00f6n a fa al\u00e1 b\u00e1rmelyik csomagom, \u00e9s lepd meg magad, szeretteidet vagy koll\u00e9g\u00e1idat egy szem\u00e9lyre szabott, st\u00edlusos \u00e9lm\u00e9nnyel!","og_url":"https:\/\/encystyle.ro\/ro\/product\/mini-karacsonyi-szintanacsadas-color-me-christmas\/","og_site_name":"Encystyle","article_publisher":"https:\/\/www.facebook.com\/encystyle","og_image":[{"width":1500,"height":1500,"url":"https:\/\/encystyle.ro\/wp-content\/uploads\/2025\/11\/03-Christmas.jpg","type":"image\/jpeg"}],"twitter_card":"summary_large_image","twitter_misc":{"Timp estimat pentru citire":"1 minut"},"schema":{"@context":"https:\/\/schema.org","@graph":[{"@type":"WebPage","@id":"https:\/\/encystyle.ro\/product\/mini-karacsonyi-szintanacsadas-color-me-christmas\/","url":"https:\/\/encystyle.ro\/product\/mini-karacsonyi-szintanacsadas-color-me-christmas\/","name":"MINI KAR\u00c1CSONYI SZ\u00cdNTAN\u00c1CSAD\u00c1S \u2014 \u201eColor Me Christmas\u201d - Encystyle","isPartOf":{"@id":"https:\/\/encystyle.ro\/#website"},"primaryImageOfPage":{"@id":"https:\/\/encystyle.ro\/product\/mini-karacsonyi-szintanacsadas-color-me-christmas\/#primaryimage"},"image":{"@id":"https:\/\/encystyle.ro\/product\/mini-karacsonyi-szintanacsadas-color-me-christmas\/#primaryimage"},"thumbnailUrl":"https:\/\/encystyle.ro\/wp-content\/uploads\/2025\/11\/03-Christmas.jpg","datePublished":"2025-11-22T03:53:17+00:00","description":"Adj st\u00edlust kar\u00e1csonyra! Ker\u00fclj\u00f6n a fa al\u00e1 b\u00e1rmelyik csomagom, \u00e9s lepd meg magad, szeretteidet vagy koll\u00e9g\u00e1idat egy szem\u00e9lyre szabott, st\u00edlusos \u00e9lm\u00e9nnyel!","breadcrumb":{"@id":"https:\/\/encystyle.ro\/product\/mini-karacsonyi-szintanacsadas-color-me-christmas\/#breadcrumb"},"inLanguage":"ro-RO","potentialAction":[{"@type":"ReadAction","target":["https:\/\/encystyle.ro\/product\/mini-karacsonyi-szintanacsadas-color-me-christmas\/"]}]},{"@type":"ImageObject","inLanguage":"ro-RO","@id":"https:\/\/encystyle.ro\/product\/mini-karacsonyi-szintanacsadas-color-me-christmas\/#primaryimage","url":"https:\/\/encystyle.ro\/wp-content\/uploads\/2025\/11\/03-Christmas.jpg","contentUrl":"https:\/\/encystyle.ro\/wp-content\/uploads\/2025\/11\/03-Christmas.jpg","width":1500,"height":1500},{"@type":"BreadcrumbList","@id":"https:\/\/encystyle.ro\/product\/mini-karacsonyi-szintanacsadas-color-me-christmas\/#breadcrumb","itemListElement":[{"@type":"ListItem","position":1,"name":"Kezd\u0151lap","item":"https:\/\/encystyle.ro\/"},{"@type":"ListItem","position":2,"name":"Shop","item":"https:\/\/encystyle.ro\/shop\/"},{"@type":"ListItem","position":3,"name":"MINI KAR\u00c1CSONYI SZ\u00cdNTAN\u00c1CSAD\u00c1S \u2014 \u201eColor Me Christmas\u201d"}]},{"@type":"WebSite","@id":"https:\/\/encystyle.ro\/#website","url":"https:\/\/encystyle.ro\/","name":"Encystyle","description":"Sz\u00edn \u00e9s st\u00edlustan\u00e1csad\u00e1s","publisher":{"@id":"https:\/\/encystyle.ro\/#organization"},"potentialAction":[{"@type":"SearchAction","target":{"@type":"EntryPoint","urlTemplate":"https:\/\/encystyle.ro\/?s={search_term_string}"},"query-input":{"@type":"PropertyValueSpecification","valueRequired":true,"valueName":"search_term_string"}}],"inLanguage":"ro-RO"},{"@type":"Organization","@id":"https:\/\/encystyle.ro\/#organization","name":"Encystyle","url":"https:\/\/encystyle.ro\/","logo":{"@type":"ImageObject","inLanguage":"ro-RO","@id":"https:\/\/encystyle.ro\/#\/schema\/logo\/image\/","url":"https:\/\/encystyle.ro\/wp-content\/uploads\/2022\/07\/Main-logo.png","contentUrl":"https:\/\/encystyle.ro\/wp-content\/uploads\/2022\/07\/Main-logo.png","width":438,"height":311,"caption":"Encystyle"},"image":{"@id":"https:\/\/encystyle.ro\/#\/schema\/logo\/image\/"},"sameAs":["https:\/\/www.facebook.com\/encystyle"]}]}},"_links":{"self":[{"href":"https:\/\/encystyle.ro\/ro\/wp-json\/wp\/v2\/product\/728","targetHints":{"allow":["GET"]}}],"collection":[{"href":"https:\/\/encystyle.ro\/ro\/wp-json\/wp\/v2\/product"}],"about":[{"href":"https:\/\/encystyle.ro\/ro\/wp-json\/wp\/v2\/types\/product"}],"replies":[{"embeddable":true,"href":"https:\/\/encystyle.ro\/ro\/wp-json\/wp\/v2\/comments?post=728"}],"wp:featuredmedia":[{"embeddable":true,"href":"https:\/\/encystyle.ro\/ro\/wp-json\/wp\/v2\/media\/729"}],"wp:attachment":[{"href":"https:\/\/encystyle.ro\/ro\/wp-json\/wp\/v2\/media?parent=728"}],"wp:term":[{"taxonomy":"product_brand","embeddable":true,"href":"https:\/\/encystyle.ro\/ro\/wp-json\/wp\/v2\/product_brand?post=728"},{"taxonomy":"product_cat","embeddable":true,"href":"https:\/\/encystyle.ro\/ro\/wp-json\/wp\/v2\/product_cat?post=728"},{"taxonomy":"product_tag","embeddable":true,"href":"https:\/\/encystyle.ro\/ro\/wp-json\/wp\/v2\/product_tag?post=728"}],"curies":[{"name":"wp","href":"https:\/\/api.w.org\/{rel}","templated":true}]}}