{"id":733,"date":"2025-11-22T05:57:27","date_gmt":"2025-11-22T03:57:27","guid":{"rendered":"https:\/\/encystyle.ro\/?post_type=product&#038;p=733"},"modified":"2025-11-22T05:59:53","modified_gmt":"2025-11-22T03:59:53","slug":"unnepi-kapszula-kollekcio-osszeallitasa","status":"publish","type":"product","link":"https:\/\/encystyle.ro\/ro\/product\/unnepi-kapszula-kollekcio-osszeallitasa\/","title":{"rendered":"\u00dcNNEPI KAPSZULA KOLLEKCI\u00d3 \u00d6SSZE\u00c1LL\u00cdT\u00c1SA \u2014 \u201eChristmas Capsule Closet\u201d"},"content":{"rendered":"<div><strong>5\u20137 ruhadarabb\u00f3l \u00fcnnepi szettek \u00f6ssze\u00e1ll\u00edt\u00e1sa<\/strong><\/div>\n<div><\/div>\n<div>\u202230 perces szem\u00e9lyre szabott konzult\u00e1ci\u00f3 (online vagy szem\u00e9lyesen)<\/div>\n<div>\u20225\u20137 darabb\u00f3l \u00fcnnepi mini-kapszula (kieg\u00e9sz\u00edt\u0151kkel)<\/div>\n<div>\u2022Mit vegyen m\u00e9g hozz\u00e1<\/div>\n<div><\/div>\n<div><strong>Kinek aj\u00e1nlott:<\/strong><\/div>\n<div>\u2022karrierorient\u00e1lt n\u0151knek<\/div>\n<div>\u2022akik idegeskednek \u201emit vegyek fel?\u201d miatt<\/div>\n<div>\u2022akik szeretn\u00e9k egyszer\u0171s\u00edteni a gardr\u00f3bjukat<\/div>","protected":false},"excerpt":{"rendered":"<p>Adj st\u00edlust kar\u00e1csonyra! \ud83c\udf81<\/p>\n<p>Ker\u00fclj\u00f6n a fa al\u00e1 b\u00e1rmelyik csomagom, \u00e9s lepd meg magad, szeretteidet vagy koll\u00e9g\u00e1idat egy szem\u00e9lyre szabott, st\u00edlusos \u00e9lm\u00e9nnyel!<\/p>","protected":false},"featured_media":734,"comment_status":"open","ping_status":"closed","template":"","meta":{"_et_pb_use_builder":"","_et_pb_old_content":"","_et_gb_content_width":""},"product_brand":[],"product_cat":[48],"product_tag":[],"class_list":{"0":"post-733","1":"product","2":"type-product","3":"status-publish","4":"has-post-thumbnail","6":"product_cat-szolgaltatasok","8":"first","9":"instock","10":"virtual","11":"purchasable","12":"product-type-simple"},"yoast_head":"<!-- This site is optimized with the Yoast SEO plugin v26.8 - https:\/\/yoast.com\/product\/yoast-seo-wordpress\/ -->\n<title>\u00dcNNEPI KAPSZULA KOLLEKCI\u00d3 \u00d6SSZE\u00c1LL\u00cdT\u00c1SA \u2014 \u201eChristmas Capsule Closet\u201d - Encystyle<\/title>\n<meta name=\"description\" content=\"Adj st\u00edlust kar\u00e1csonyra! Ker\u00fclj\u00f6n a fa al\u00e1 b\u00e1rmelyik csomagom, \u00e9s lepd meg magad, szeretteidet vagy koll\u00e9g\u00e1idat egy szem\u00e9lyre szabott, st\u00edlusos \u00e9lm\u00e9nnyel!\" \/>\n<meta name=\"robots\" content=\"index, follow, max-snippet:-1, max-image-preview:large, max-video-preview:-1\" \/>\n<link rel=\"canonical\" href=\"https:\/\/encystyle.ro\/ro\/product\/unnepi-kapszula-kollekcio-osszeallitasa\/\" \/>\n<meta property=\"og:locale\" content=\"ro_RO\" \/>\n<meta property=\"og:type\" content=\"article\" \/>\n<meta property=\"og:title\" content=\"\u00dcNNEPI KAPSZULA KOLLEKCI\u00d3 \u00d6SSZE\u00c1LL\u00cdT\u00c1SA \u2014 \u201eChristmas Capsule Closet\u201d - Encystyle\" \/>\n<meta property=\"og:description\" content=\"Adj st\u00edlust kar\u00e1csonyra! Ker\u00fclj\u00f6n a fa al\u00e1 b\u00e1rmelyik csomagom, \u00e9s lepd meg magad, szeretteidet vagy koll\u00e9g\u00e1idat egy szem\u00e9lyre szabott, st\u00edlusos \u00e9lm\u00e9nnyel!\" \/>\n<meta property=\"og:url\" content=\"https:\/\/encystyle.ro\/ro\/product\/unnepi-kapszula-kollekcio-osszeallitasa\/\" \/>\n<meta property=\"og:site_name\" content=\"Encystyle\" \/>\n<meta property=\"article:publisher\" content=\"https:\/\/www.facebook.com\/encystyle\" \/>\n<meta property=\"article:modified_time\" content=\"2025-11-22T03:59:53+00:00\" \/>\n<meta property=\"og:image\" content=\"https:\/\/encystyle.ro\/wp-content\/uploads\/2025\/11\/02-Christmas.jpg\" \/>\n\t<meta property=\"og:image:width\" content=\"1500\" \/>\n\t<meta property=\"og:image:height\" content=\"1500\" \/>\n\t<meta property=\"og:image:type\" content=\"image\/jpeg\" \/>\n<meta name=\"twitter:card\" content=\"summary_large_image\" \/>\n<meta name=\"twitter:label1\" content=\"Timp estimat pentru citire\" \/>\n\t<meta name=\"twitter:data1\" content=\"1 minut\" \/>\n<script type=\"application\/ld+json\" class=\"yoast-schema-graph\">{\"@context\":\"https:\/\/schema.org\",\"@graph\":[{\"@type\":\"WebPage\",\"@id\":\"https:\/\/encystyle.ro\/product\/unnepi-kapszula-kollekcio-osszeallitasa\/\",\"url\":\"https:\/\/encystyle.ro\/product\/unnepi-kapszula-kollekcio-osszeallitasa\/\",\"name\":\"\u00dcNNEPI KAPSZULA KOLLEKCI\u00d3 \u00d6SSZE\u00c1LL\u00cdT\u00c1SA \u2014 \u201eChristmas Capsule Closet\u201d - Encystyle\",\"isPartOf\":{\"@id\":\"https:\/\/encystyle.ro\/#website\"},\"primaryImageOfPage\":{\"@id\":\"https:\/\/encystyle.ro\/product\/unnepi-kapszula-kollekcio-osszeallitasa\/#primaryimage\"},\"image\":{\"@id\":\"https:\/\/encystyle.ro\/product\/unnepi-kapszula-kollekcio-osszeallitasa\/#primaryimage\"},\"thumbnailUrl\":\"https:\/\/encystyle.ro\/wp-content\/uploads\/2025\/11\/02-Christmas.jpg\",\"datePublished\":\"2025-11-22T03:57:27+00:00\",\"dateModified\":\"2025-11-22T03:59:53+00:00\",\"description\":\"Adj st\u00edlust kar\u00e1csonyra! Ker\u00fclj\u00f6n a fa al\u00e1 b\u00e1rmelyik csomagom, \u00e9s lepd meg magad, szeretteidet vagy koll\u00e9g\u00e1idat egy szem\u00e9lyre szabott, st\u00edlusos \u00e9lm\u00e9nnyel!\",\"breadcrumb\":{\"@id\":\"https:\/\/encystyle.ro\/product\/unnepi-kapszula-kollekcio-osszeallitasa\/#breadcrumb\"},\"inLanguage\":\"ro-RO\",\"potentialAction\":[{\"@type\":\"ReadAction\",\"target\":[\"https:\/\/encystyle.ro\/product\/unnepi-kapszula-kollekcio-osszeallitasa\/\"]}]},{\"@type\":\"ImageObject\",\"inLanguage\":\"ro-RO\",\"@id\":\"https:\/\/encystyle.ro\/product\/unnepi-kapszula-kollekcio-osszeallitasa\/#primaryimage\",\"url\":\"https:\/\/encystyle.ro\/wp-content\/uploads\/2025\/11\/02-Christmas.jpg\",\"contentUrl\":\"https:\/\/encystyle.ro\/wp-content\/uploads\/2025\/11\/02-Christmas.jpg\",\"width\":1500,\"height\":1500},{\"@type\":\"BreadcrumbList\",\"@id\":\"https:\/\/encystyle.ro\/product\/unnepi-kapszula-kollekcio-osszeallitasa\/#breadcrumb\",\"itemListElement\":[{\"@type\":\"ListItem\",\"position\":1,\"name\":\"Kezd\u0151lap\",\"item\":\"https:\/\/encystyle.ro\/\"},{\"@type\":\"ListItem\",\"position\":2,\"name\":\"Shop\",\"item\":\"https:\/\/encystyle.ro\/shop\/\"},{\"@type\":\"ListItem\",\"position\":3,\"name\":\"\u00dcNNEPI KAPSZULA KOLLEKCI\u00d3 \u00d6SSZE\u00c1LL\u00cdT\u00c1SA \u2014 \u201eChristmas Capsule Closet\u201d\"}]},{\"@type\":\"WebSite\",\"@id\":\"https:\/\/encystyle.ro\/#website\",\"url\":\"https:\/\/encystyle.ro\/\",\"name\":\"Encystyle\",\"description\":\"Sz\u00edn \u00e9s st\u00edlustan\u00e1csad\u00e1s\",\"publisher\":{\"@id\":\"https:\/\/encystyle.ro\/#organization\"},\"potentialAction\":[{\"@type\":\"SearchAction\",\"target\":{\"@type\":\"EntryPoint\",\"urlTemplate\":\"https:\/\/encystyle.ro\/?s={search_term_string}\"},\"query-input\":{\"@type\":\"PropertyValueSpecification\",\"valueRequired\":true,\"valueName\":\"search_term_string\"}}],\"inLanguage\":\"ro-RO\"},{\"@type\":\"Organization\",\"@id\":\"https:\/\/encystyle.ro\/#organization\",\"name\":\"Encystyle\",\"url\":\"https:\/\/encystyle.ro\/\",\"logo\":{\"@type\":\"ImageObject\",\"inLanguage\":\"ro-RO\",\"@id\":\"https:\/\/encystyle.ro\/#\/schema\/logo\/image\/\",\"url\":\"https:\/\/encystyle.ro\/wp-content\/uploads\/2022\/07\/Main-logo.png\",\"contentUrl\":\"https:\/\/encystyle.ro\/wp-content\/uploads\/2022\/07\/Main-logo.png\",\"width\":438,\"height\":311,\"caption\":\"Encystyle\"},\"image\":{\"@id\":\"https:\/\/encystyle.ro\/#\/schema\/logo\/image\/\"},\"sameAs\":[\"https:\/\/www.facebook.com\/encystyle\"]}]}<\/script>\n<!-- \/ Yoast SEO plugin. -->","yoast_head_json":{"title":"\u00dcNNEPI KAPSZULA KOLLEKCI\u00d3 \u00d6SSZE\u00c1LL\u00cdT\u00c1SA \u2014 \u201eChristmas Capsule Closet\u201d - Encystyle","description":"Adj st\u00edlust kar\u00e1csonyra! Ker\u00fclj\u00f6n a fa al\u00e1 b\u00e1rmelyik csomagom, \u00e9s lepd meg magad, szeretteidet vagy koll\u00e9g\u00e1idat egy szem\u00e9lyre szabott, st\u00edlusos \u00e9lm\u00e9nnyel!","robots":{"index":"index","follow":"follow","max-snippet":"max-snippet:-1","max-image-preview":"max-image-preview:large","max-video-preview":"max-video-preview:-1"},"canonical":"https:\/\/encystyle.ro\/ro\/product\/unnepi-kapszula-kollekcio-osszeallitasa\/","og_locale":"ro_RO","og_type":"article","og_title":"\u00dcNNEPI KAPSZULA KOLLEKCI\u00d3 \u00d6SSZE\u00c1LL\u00cdT\u00c1SA \u2014 \u201eChristmas Capsule Closet\u201d - Encystyle","og_description":"Adj st\u00edlust kar\u00e1csonyra! Ker\u00fclj\u00f6n a fa al\u00e1 b\u00e1rmelyik csomagom, \u00e9s lepd meg magad, szeretteidet vagy koll\u00e9g\u00e1idat egy szem\u00e9lyre szabott, st\u00edlusos \u00e9lm\u00e9nnyel!","og_url":"https:\/\/encystyle.ro\/ro\/product\/unnepi-kapszula-kollekcio-osszeallitasa\/","og_site_name":"Encystyle","article_publisher":"https:\/\/www.facebook.com\/encystyle","article_modified_time":"2025-11-22T03:59:53+00:00","og_image":[{"width":1500,"height":1500,"url":"https:\/\/encystyle.ro\/wp-content\/uploads\/2025\/11\/02-Christmas.jpg","type":"image\/jpeg"}],"twitter_card":"summary_large_image","twitter_misc":{"Timp estimat pentru citire":"1 minut"},"schema":{"@context":"https:\/\/schema.org","@graph":[{"@type":"WebPage","@id":"https:\/\/encystyle.ro\/product\/unnepi-kapszula-kollekcio-osszeallitasa\/","url":"https:\/\/encystyle.ro\/product\/unnepi-kapszula-kollekcio-osszeallitasa\/","name":"\u00dcNNEPI KAPSZULA KOLLEKCI\u00d3 \u00d6SSZE\u00c1LL\u00cdT\u00c1SA \u2014 \u201eChristmas Capsule Closet\u201d - Encystyle","isPartOf":{"@id":"https:\/\/encystyle.ro\/#website"},"primaryImageOfPage":{"@id":"https:\/\/encystyle.ro\/product\/unnepi-kapszula-kollekcio-osszeallitasa\/#primaryimage"},"image":{"@id":"https:\/\/encystyle.ro\/product\/unnepi-kapszula-kollekcio-osszeallitasa\/#primaryimage"},"thumbnailUrl":"https:\/\/encystyle.ro\/wp-content\/uploads\/2025\/11\/02-Christmas.jpg","datePublished":"2025-11-22T03:57:27+00:00","dateModified":"2025-11-22T03:59:53+00:00","description":"Adj st\u00edlust kar\u00e1csonyra! Ker\u00fclj\u00f6n a fa al\u00e1 b\u00e1rmelyik csomagom, \u00e9s lepd meg magad, szeretteidet vagy koll\u00e9g\u00e1idat egy szem\u00e9lyre szabott, st\u00edlusos \u00e9lm\u00e9nnyel!","breadcrumb":{"@id":"https:\/\/encystyle.ro\/product\/unnepi-kapszula-kollekcio-osszeallitasa\/#breadcrumb"},"inLanguage":"ro-RO","potentialAction":[{"@type":"ReadAction","target":["https:\/\/encystyle.ro\/product\/unnepi-kapszula-kollekcio-osszeallitasa\/"]}]},{"@type":"ImageObject","inLanguage":"ro-RO","@id":"https:\/\/encystyle.ro\/product\/unnepi-kapszula-kollekcio-osszeallitasa\/#primaryimage","url":"https:\/\/encystyle.ro\/wp-content\/uploads\/2025\/11\/02-Christmas.jpg","contentUrl":"https:\/\/encystyle.ro\/wp-content\/uploads\/2025\/11\/02-Christmas.jpg","width":1500,"height":1500},{"@type":"BreadcrumbList","@id":"https:\/\/encystyle.ro\/product\/unnepi-kapszula-kollekcio-osszeallitasa\/#breadcrumb","itemListElement":[{"@type":"ListItem","position":1,"name":"Kezd\u0151lap","item":"https:\/\/encystyle.ro\/"},{"@type":"ListItem","position":2,"name":"Shop","item":"https:\/\/encystyle.ro\/shop\/"},{"@type":"ListItem","position":3,"name":"\u00dcNNEPI KAPSZULA KOLLEKCI\u00d3 \u00d6SSZE\u00c1LL\u00cdT\u00c1SA \u2014 \u201eChristmas Capsule Closet\u201d"}]},{"@type":"WebSite","@id":"https:\/\/encystyle.ro\/#website","url":"https:\/\/encystyle.ro\/","name":"Encystyle","description":"Sz\u00edn \u00e9s st\u00edlustan\u00e1csad\u00e1s","publisher":{"@id":"https:\/\/encystyle.ro\/#organization"},"potentialAction":[{"@type":"SearchAction","target":{"@type":"EntryPoint","urlTemplate":"https:\/\/encystyle.ro\/?s={search_term_string}"},"query-input":{"@type":"PropertyValueSpecification","valueRequired":true,"valueName":"search_term_string"}}],"inLanguage":"ro-RO"},{"@type":"Organization","@id":"https:\/\/encystyle.ro\/#organization","name":"Encystyle","url":"https:\/\/encystyle.ro\/","logo":{"@type":"ImageObject","inLanguage":"ro-RO","@id":"https:\/\/encystyle.ro\/#\/schema\/logo\/image\/","url":"https:\/\/encystyle.ro\/wp-content\/uploads\/2022\/07\/Main-logo.png","contentUrl":"https:\/\/encystyle.ro\/wp-content\/uploads\/2022\/07\/Main-logo.png","width":438,"height":311,"caption":"Encystyle"},"image":{"@id":"https:\/\/encystyle.ro\/#\/schema\/logo\/image\/"},"sameAs":["https:\/\/www.facebook.com\/encystyle"]}]}},"_links":{"self":[{"href":"https:\/\/encystyle.ro\/ro\/wp-json\/wp\/v2\/product\/733","targetHints":{"allow":["GET"]}}],"collection":[{"href":"https:\/\/encystyle.ro\/ro\/wp-json\/wp\/v2\/product"}],"about":[{"href":"https:\/\/encystyle.ro\/ro\/wp-json\/wp\/v2\/types\/product"}],"replies":[{"embeddable":true,"href":"https:\/\/encystyle.ro\/ro\/wp-json\/wp\/v2\/comments?post=733"}],"wp:featuredmedia":[{"embeddable":true,"href":"https:\/\/encystyle.ro\/ro\/wp-json\/wp\/v2\/media\/734"}],"wp:attachment":[{"href":"https:\/\/encystyle.ro\/ro\/wp-json\/wp\/v2\/media?parent=733"}],"wp:term":[{"taxonomy":"product_brand","embeddable":true,"href":"https:\/\/encystyle.ro\/ro\/wp-json\/wp\/v2\/product_brand?post=733"},{"taxonomy":"product_cat","embeddable":true,"href":"https:\/\/encystyle.ro\/ro\/wp-json\/wp\/v2\/product_cat?post=733"},{"taxonomy":"product_tag","embeddable":true,"href":"https:\/\/encystyle.ro\/ro\/wp-json\/wp\/v2\/product_tag?post=733"}],"curies":[{"name":"wp","href":"https:\/\/api.w.org\/{rel}","templated":true}]}}